{"id":1012,"date":"2023-03-31T13:05:06","date_gmt":"2023-03-31T11:05:06","guid":{"rendered":"http:\/\/localhost\/lucka-uprava\/?page_id=1012"},"modified":"2023-04-27T16:31:32","modified_gmt":"2023-04-27T14:31:32","slug":"medcruise","status":"publish","type":"page","link":"http:\/\/portauthority-sibenik.hr\/en\/medcruise\/","title":{"rendered":"MedCruise"},"content":{"rendered":"<div data-elementor-type=\"wp-page\" data-elementor-id=\"1012\" class=\"elementor elementor-1012\" data-elementor-post-type=\"page\">\n\t\t\t\t<div class=\"elementor-element elementor-element-69d05bd9 e-con-full e-flex e-con e-parent\" data-id=\"69d05bd9\" data-element_type=\"container\" data-e-type=\"container\" data-settings=\"{&quot;background_background&quot;:&quot;classic&quot;}\">\n\t\t\t\t<\/div>\n\t\t<div class=\"elementor-element elementor-element-1723554e e-con-full e-flex e-con e-parent\" data-id=\"1723554e\" data-element_type=\"container\" data-e-type=\"container\" data-settings=\"{&quot;background_background&quot;:&quot;classic&quot;}\">\n\t\t\t\t<div class=\"elementor-element elementor-element-2cc763a6 elementor-widget elementor-widget-heading\" data-id=\"2cc763a6\" data-element_type=\"widget\" data-e-type=\"widget\" data-widget_type=\"heading.default\">\n\t\t\t\t<div class=\"elementor-widget-container\">\n\t\t\t\t\t<h2 class=\"elementor-heading-title elementor-size-default\">MedCruise<\/h2>\t\t\t\t<\/div>\n\t\t\t\t<\/div>\n\t\t\t\t<div class=\"elementor-element elementor-element-46edbcb1 elementor-align-center elementor-widget elementor-widget-breadcrumbs\" data-id=\"46edbcb1\" data-element_type=\"widget\" data-e-type=\"widget\" data-widget_type=\"breadcrumbs.default\">\n\t\t\t\t<div class=\"elementor-widget-container\">\n\t\t\t\t\t<p id=\"breadcrumbs\"><span><span><a href=\"https:\/\/portauthority-sibenik.hr\/en\/\">Home<\/a><\/span><\/span><\/p>\t\t\t\t<\/div>\n\t\t\t\t<\/div>\n\t\t\t\t<\/div>\n\t\t<div class=\"elementor-element elementor-element-557ddcad e-flex e-con-boxed e-con e-parent\" data-id=\"557ddcad\" data-element_type=\"container\" data-e-type=\"container\">\n\t\t\t\t\t<div class=\"e-con-inner\">\n\t\t<div class=\"elementor-element elementor-element-6ff15cfe e-flex e-con-boxed e-con e-child\" data-id=\"6ff15cfe\" data-element_type=\"container\" data-e-type=\"container\">\n\t\t\t\t\t<div class=\"e-con-inner\">\n\t\t\t\t<div class=\"elementor-element elementor-element-45c66c2f elementor-widget elementor-widget-text-editor\" data-id=\"45c66c2f\" data-element_type=\"widget\" data-e-type=\"widget\" data-widget_type=\"text-editor.default\">\n\t\t\t\t<div class=\"elementor-widget-container\">\n\t\t\t\t\t\t\t\t\t<p>Founded in Rome on June 11th, 1996, MedCruise is an association of Mediterranean \"cruise\" ports. The role of MedCruise is to promote cruising in the Mediterranean and surrounding seas.<\/p><p>Until today, the association has 73 members and represents 72 ports in the Mediterranean and its surroundings, including the Black Sea, the Red Sea, and part of the Atlantic.<\/p>\t\t\t\t\t\t\t\t<\/div>\n\t\t\t\t<\/div>\n\t\t\t\t<div class=\"elementor-element elementor-element-403efc3 elementor-widget elementor-widget-heading\" data-id=\"403efc3\" data-element_type=\"widget\" data-e-type=\"widget\" data-widget_type=\"heading.default\">\n\t\t\t\t<div class=\"elementor-widget-container\">\n\t\t\t\t\t<h2 class=\"elementor-heading-title elementor-size-default\">Some of the main objectives of the MedCruise association are:<\/h2>\t\t\t\t<\/div>\n\t\t\t\t<\/div>\n\t\t\t\t<div class=\"elementor-element elementor-element-fd7e3bb elementor-icon-list--layout-traditional elementor-list-item-link-full_width elementor-widget elementor-widget-icon-list\" data-id=\"fd7e3bb\" data-element_type=\"widget\" data-e-type=\"widget\" data-widget_type=\"icon-list.default\">\n\t\t\t\t<div class=\"elementor-widget-container\">\n\t\t\t\t\t\t\t<ul class=\"elementor-icon-list-items\">\n\t\t\t\t\t\t\t<li class=\"elementor-icon-list-item\">\n\t\t\t\t\t\t\t\t\t\t\t<span class=\"elementor-icon-list-icon\">\n\t\t\t\t\t\t\t<i aria-hidden=\"true\" class=\"fas fa-check\"><\/i>\t\t\t\t\t\t<\/span>\n\t\t\t\t\t\t\t\t\t\t<span class=\"elementor-icon-list-text\">Promoting the Mediterranean as a cruise destination.<\/span>\n\t\t\t\t\t\t\t\t\t<\/li>\n\t\t\t\t\t\t\t\t<li class=\"elementor-icon-list-item\">\n\t\t\t\t\t\t\t\t\t\t\t<span class=\"elementor-icon-list-icon\">\n\t\t\t\t\t\t\t<i aria-hidden=\"true\" class=\"fas fa-check\"><\/i>\t\t\t\t\t\t<\/span>\n\t\t\t\t\t\t\t\t\t\t<span class=\"elementor-icon-list-text\">Increasing the efficiency of members by sharing technologies and experiences related to passenger traffic and promoting tourism in cruise port areas.<\/span>\n\t\t\t\t\t\t\t\t\t<\/li>\n\t\t\t\t\t\t\t\t<li class=\"elementor-icon-list-item\">\n\t\t\t\t\t\t\t\t\t\t\t<span class=\"elementor-icon-list-icon\">\n\t\t\t\t\t\t\t<i aria-hidden=\"true\" class=\"fas fa-check\"><\/i>\t\t\t\t\t\t<\/span>\n\t\t\t\t\t\t\t\t\t\t<span class=\"elementor-icon-list-text\">Increasing the efficiency of members by informing them about industry developments, statistics, practical experience in port development and management.<\/span>\n\t\t\t\t\t\t\t\t\t<\/li>\n\t\t\t\t\t\t\t\t<li class=\"elementor-icon-list-item\">\n\t\t\t\t\t\t\t\t\t\t\t<span class=\"elementor-icon-list-icon\">\n\t\t\t\t\t\t\t<i aria-hidden=\"true\" class=\"fas fa-check\"><\/i>\t\t\t\t\t\t<\/span>\n\t\t\t\t\t\t\t\t\t\t<span class=\"elementor-icon-list-text\">Formulating common positions, rules or plans related to common interests in the field of cruising.<\/span>\n\t\t\t\t\t\t\t\t\t<\/li>\n\t\t\t\t\t\t\t\t<li class=\"elementor-icon-list-item\">\n\t\t\t\t\t\t\t\t\t\t\t<span class=\"elementor-icon-list-icon\">\n\t\t\t\t\t\t\t<i aria-hidden=\"true\" class=\"fas fa-check\"><\/i>\t\t\t\t\t\t<\/span>\n\t\t\t\t\t\t\t\t\t\t<span class=\"elementor-icon-list-text\">Developing and strengthening good relationships and cooperation among all global cruise ports and the cruise industry.<\/span>\n\t\t\t\t\t\t\t\t\t<\/li>\n\t\t\t\t\t\t\t\t<li class=\"elementor-icon-list-item\">\n\t\t\t\t\t\t\t\t\t\t\t<span class=\"elementor-icon-list-icon\">\n\t\t\t\t\t\t\t<i aria-hidden=\"true\" class=\"fas fa-check\"><\/i>\t\t\t\t\t\t<\/span>\n\t\t\t\t\t\t\t\t\t\t<span class=\"elementor-icon-list-text\">Creating quality service through ports of different sizes, diverse regions, countries, and cultures.<\/span>\n\t\t\t\t\t\t\t\t\t<\/li>\n\t\t\t\t\t\t\t\t<li class=\"elementor-icon-list-item\">\n\t\t\t\t\t\t\t\t\t\t\t<span class=\"elementor-icon-list-icon\">\n\t\t\t\t\t\t\t<i aria-hidden=\"true\" class=\"fas fa-check\"><\/i>\t\t\t\t\t\t<\/span>\n\t\t\t\t\t\t\t\t\t\t<span class=\"elementor-icon-list-text\">Creating marketing, networking, and professional development tools and forums for members.<\/span>\n\t\t\t\t\t\t\t\t\t<\/li>\n\t\t\t\t\t\t<\/ul>\n\t\t\t\t\t\t<\/div>\n\t\t\t\t<\/div>\n\t\t\t\t\t<\/div>\n\t\t\t\t<\/div>\n\t\t\t\t\t<\/div>\n\t\t\t\t<\/div>\n\t\t\t\t<\/div>","protected":false},"excerpt":{"rendered":"<p>MedCruise Osnovana u Rimu 11. Lipnja 1996. godine, MedCruise je udruga Mediteranskih \u201ccruise\u201d luka. Uloga MedCruise-a je promocija krstarenja u Mediteranu i okolnim morima. Do danas udruga ima 73 \u010dlana i predstavlja 72 luke u Mediteranu i okolici, uklju\u010duju\u0107i Crno more, Crveno more i dio Atlantika. Me\u0111u glavnim ciljevima MedCruise udruge su: Promocija Mediteran kao [&hellip;]<\/p>\n","protected":false},"author":1,"featured_media":0,"parent":0,"menu_order":0,"comment_status":"closed","ping_status":"closed","template":"elementor_header_footer","meta":{"footnotes":""},"class_list":["post-1012","page","type-page","status-publish","hentry"],"yoast_head":"<!-- This site is optimized with the Yoast SEO plugin v27.2 - https:\/\/yoast.com\/product\/yoast-seo-wordpress\/ -->\n<title>MedCruise - Lu\u010dka Uprava \u0160ibenik<\/title>\n<meta name=\"robots\" content=\"index, follow, max-snippet:-1, max-image-preview:large, max-video-preview:-1\" \/>\n<link rel=\"canonical\" href=\"https:\/\/portauthority-sibenik.hr\/en\/medcruise\/\" \/>\n<meta property=\"og:locale\" content=\"en_US\" \/>\n<meta property=\"og:type\" content=\"article\" \/>\n<meta property=\"og:title\" content=\"MedCruise - Lu\u010dka Uprava \u0160ibenik\" \/>\n<meta property=\"og:description\" content=\"MedCruise Osnovana u Rimu 11. Lipnja 1996. godine, MedCruise je udruga Mediteranskih \u201ccruise\u201d luka. Uloga MedCruise-a je promocija krstarenja u Mediteranu i okolnim morima. Do danas udruga ima 73 \u010dlana i predstavlja 72 luke u Mediteranu i okolici, uklju\u010duju\u0107i Crno more, Crveno more i dio Atlantika. Me\u0111u glavnim ciljevima MedCruise udruge su: Promocija Mediteran kao [&hellip;]\" \/>\n<meta property=\"og:url\" content=\"https:\/\/portauthority-sibenik.hr\/en\/medcruise\/\" \/>\n<meta property=\"og:site_name\" content=\"Lu\u010dka Uprava \u0160ibenik\" \/>\n<meta property=\"article:modified_time\" content=\"2023-04-27T14:31:32+00:00\" \/>\n<meta name=\"twitter:card\" content=\"summary_large_image\" \/>\n<meta name=\"twitter:label1\" content=\"Est. reading time\" \/>\n\t<meta name=\"twitter:data1\" content=\"1 minute\" \/>\n<script type=\"application\/ld+json\" class=\"yoast-schema-graph\">{\"@context\":\"https:\/\/schema.org\",\"@graph\":[{\"@type\":\"WebPage\",\"@id\":\"https:\/\/portauthority-sibenik.hr\/medcruise\/\",\"url\":\"https:\/\/portauthority-sibenik.hr\/medcruise\/\",\"name\":\"MedCruise - Lu\u010dka Uprava \u0160ibenik\",\"isPartOf\":{\"@id\":\"https:\/\/portauthority-sibenik.hr\/#website\"},\"datePublished\":\"2023-03-31T11:05:06+00:00\",\"dateModified\":\"2023-04-27T14:31:32+00:00\",\"breadcrumb\":{\"@id\":\"https:\/\/portauthority-sibenik.hr\/medcruise\/#breadcrumb\"},\"inLanguage\":\"en-US\",\"potentialAction\":[{\"@type\":\"ReadAction\",\"target\":[\"https:\/\/portauthority-sibenik.hr\/medcruise\/\"]}]},{\"@type\":\"BreadcrumbList\",\"@id\":\"https:\/\/portauthority-sibenik.hr\/medcruise\/#breadcrumb\",\"itemListElement\":[{\"@type\":\"ListItem\",\"position\":1,\"name\":\"Home\",\"item\":\"https:\/\/portauthority-sibenik.hr\/\"},{\"@type\":\"ListItem\",\"position\":2,\"name\":\"MedCruise\"}]},{\"@type\":\"WebSite\",\"@id\":\"https:\/\/portauthority-sibenik.hr\/#website\",\"url\":\"https:\/\/portauthority-sibenik.hr\/\",\"name\":\"Lu\u010dka Uprava \u0160ibenik\",\"description\":\"\",\"publisher\":{\"@id\":\"https:\/\/portauthority-sibenik.hr\/#organization\"},\"potentialAction\":[{\"@type\":\"SearchAction\",\"target\":{\"@type\":\"EntryPoint\",\"urlTemplate\":\"https:\/\/portauthority-sibenik.hr\/?s={search_term_string}\"},\"query-input\":{\"@type\":\"PropertyValueSpecification\",\"valueRequired\":true,\"valueName\":\"search_term_string\"}}],\"inLanguage\":\"en-US\"},{\"@type\":\"Organization\",\"@id\":\"https:\/\/portauthority-sibenik.hr\/#organization\",\"name\":\"Lu\u010dka Uprava \u0160ibenik\",\"url\":\"https:\/\/portauthority-sibenik.hr\/\",\"logo\":{\"@type\":\"ImageObject\",\"inLanguage\":\"en-US\",\"@id\":\"https:\/\/portauthority-sibenik.hr\/#\/schema\/logo\/image\/\",\"url\":\"https:\/\/portauthority-sibenik.hr\/wp-content\/uploads\/2023\/05\/LogoPNG-24-blue.png\",\"contentUrl\":\"https:\/\/portauthority-sibenik.hr\/wp-content\/uploads\/2023\/05\/LogoPNG-24-blue.png\",\"width\":300,\"height\":296,\"caption\":\"Lu\u010dka Uprava \u0160ibenik\"},\"image\":{\"@id\":\"https:\/\/portauthority-sibenik.hr\/#\/schema\/logo\/image\/\"}}]}<\/script>\n<!-- \/ Yoast SEO plugin. -->","yoast_head_json":{"title":"MedCruise - Lu\u010dka Uprava \u0160ibenik","robots":{"index":"index","follow":"follow","max-snippet":"max-snippet:-1","max-image-preview":"max-image-preview:large","max-video-preview":"max-video-preview:-1"},"canonical":"https:\/\/portauthority-sibenik.hr\/en\/medcruise\/","og_locale":"en_US","og_type":"article","og_title":"MedCruise - Lu\u010dka Uprava \u0160ibenik","og_description":"MedCruise Osnovana u Rimu 11. Lipnja 1996. godine, MedCruise je udruga Mediteranskih \u201ccruise\u201d luka. Uloga MedCruise-a je promocija krstarenja u Mediteranu i okolnim morima. Do danas udruga ima 73 \u010dlana i predstavlja 72 luke u Mediteranu i okolici, uklju\u010duju\u0107i Crno more, Crveno more i dio Atlantika. Me\u0111u glavnim ciljevima MedCruise udruge su: Promocija Mediteran kao [&hellip;]","og_url":"https:\/\/portauthority-sibenik.hr\/en\/medcruise\/","og_site_name":"Lu\u010dka Uprava \u0160ibenik","article_modified_time":"2023-04-27T14:31:32+00:00","twitter_card":"summary_large_image","twitter_misc":{"Est. reading time":"1 minute"},"schema":{"@context":"https:\/\/schema.org","@graph":[{"@type":"WebPage","@id":"https:\/\/portauthority-sibenik.hr\/medcruise\/","url":"https:\/\/portauthority-sibenik.hr\/medcruise\/","name":"MedCruise - Lu\u010dka Uprava \u0160ibenik","isPartOf":{"@id":"https:\/\/portauthority-sibenik.hr\/#website"},"datePublished":"2023-03-31T11:05:06+00:00","dateModified":"2023-04-27T14:31:32+00:00","breadcrumb":{"@id":"https:\/\/portauthority-sibenik.hr\/medcruise\/#breadcrumb"},"inLanguage":"en-US","potentialAction":[{"@type":"ReadAction","target":["https:\/\/portauthority-sibenik.hr\/medcruise\/"]}]},{"@type":"BreadcrumbList","@id":"https:\/\/portauthority-sibenik.hr\/medcruise\/#breadcrumb","itemListElement":[{"@type":"ListItem","position":1,"name":"Home","item":"https:\/\/portauthority-sibenik.hr\/"},{"@type":"ListItem","position":2,"name":"MedCruise"}]},{"@type":"WebSite","@id":"https:\/\/portauthority-sibenik.hr\/#website","url":"https:\/\/portauthority-sibenik.hr\/","name":"Lu\u010dka Uprava \u0160ibenik","description":"","publisher":{"@id":"https:\/\/portauthority-sibenik.hr\/#organization"},"potentialAction":[{"@type":"SearchAction","target":{"@type":"EntryPoint","urlTemplate":"https:\/\/portauthority-sibenik.hr\/?s={search_term_string}"},"query-input":{"@type":"PropertyValueSpecification","valueRequired":true,"valueName":"search_term_string"}}],"inLanguage":"en-US"},{"@type":"Organization","@id":"https:\/\/portauthority-sibenik.hr\/#organization","name":"Lu\u010dka Uprava \u0160ibenik","url":"https:\/\/portauthority-sibenik.hr\/","logo":{"@type":"ImageObject","inLanguage":"en-US","@id":"https:\/\/portauthority-sibenik.hr\/#\/schema\/logo\/image\/","url":"https:\/\/portauthority-sibenik.hr\/wp-content\/uploads\/2023\/05\/LogoPNG-24-blue.png","contentUrl":"https:\/\/portauthority-sibenik.hr\/wp-content\/uploads\/2023\/05\/LogoPNG-24-blue.png","width":300,"height":296,"caption":"Lu\u010dka Uprava \u0160ibenik"},"image":{"@id":"https:\/\/portauthority-sibenik.hr\/#\/schema\/logo\/image\/"}}]}},"_links":{"self":[{"href":"http:\/\/portauthority-sibenik.hr\/en\/wp-json\/wp\/v2\/pages\/1012","targetHints":{"allow":["GET"]}}],"collection":[{"href":"http:\/\/portauthority-sibenik.hr\/en\/wp-json\/wp\/v2\/pages"}],"about":[{"href":"http:\/\/portauthority-sibenik.hr\/en\/wp-json\/wp\/v2\/types\/page"}],"author":[{"embeddable":true,"href":"http:\/\/portauthority-sibenik.hr\/en\/wp-json\/wp\/v2\/users\/1"}],"replies":[{"embeddable":true,"href":"http:\/\/portauthority-sibenik.hr\/en\/wp-json\/wp\/v2\/comments?post=1012"}],"version-history":[{"count":0,"href":"http:\/\/portauthority-sibenik.hr\/en\/wp-json\/wp\/v2\/pages\/1012\/revisions"}],"wp:attachment":[{"href":"http:\/\/portauthority-sibenik.hr\/en\/wp-json\/wp\/v2\/media?parent=1012"}],"curies":[{"name":"wp","href":"https:\/\/api.w.org\/{rel}","templated":true}]}}