{"id":1052,"date":"2023-03-31T13:44:49","date_gmt":"2023-03-31T11:44:49","guid":{"rendered":"http:\/\/localhost\/lucka-uprava\/?page_id=1052"},"modified":"2026-03-02T15:27:35","modified_gmt":"2026-03-02T14:27:35","slug":"koncesije","status":"publish","type":"page","link":"http:\/\/portauthority-sibenik.hr\/en\/koncesije\/","title":{"rendered":"Concessions"},"content":{"rendered":"<div data-elementor-type=\"wp-page\" data-elementor-id=\"1052\" class=\"elementor elementor-1052\" data-elementor-post-type=\"page\">\n\t\t\t\t<div class=\"elementor-element elementor-element-5c452cf e-con-full e-flex e-con e-parent\" data-id=\"5c452cf\" data-element_type=\"container\" data-e-type=\"container\" data-settings=\"{&quot;background_background&quot;:&quot;classic&quot;}\">\n\t\t\t\t<div class=\"elementor-element elementor-element-4d98694e elementor-widget elementor-widget-heading\" data-id=\"4d98694e\" data-element_type=\"widget\" data-e-type=\"widget\" data-widget_type=\"heading.default\">\n\t\t\t\t<div class=\"elementor-widget-container\">\n\t\t\t\t\t<h2 class=\"elementor-heading-title elementor-size-default\">Concessions<\/h2>\t\t\t\t<\/div>\n\t\t\t\t<\/div>\n\t\t\t\t<div class=\"elementor-element elementor-element-3ca33ec0 elementor-align-center elementor-widget elementor-widget-breadcrumbs\" data-id=\"3ca33ec0\" data-element_type=\"widget\" data-e-type=\"widget\" data-widget_type=\"breadcrumbs.default\">\n\t\t\t\t<div class=\"elementor-widget-container\">\n\t\t\t\t\t<p id=\"breadcrumbs\"><span><span><a href=\"https:\/\/portauthority-sibenik.hr\/en\/\">Home<\/a><\/span><\/span><\/p>\t\t\t\t<\/div>\n\t\t\t\t<\/div>\n\t\t\t\t<\/div>\n\t\t<div class=\"elementor-element elementor-element-46987967 e-flex e-con-boxed e-con e-parent\" data-id=\"46987967\" data-element_type=\"container\" data-e-type=\"container\">\n\t\t\t\t\t<div class=\"e-con-inner\">\n\t\t\t\t<div class=\"elementor-element elementor-element-72cfbe11 elementor-widget elementor-widget-heading\" data-id=\"72cfbe11\" data-element_type=\"widget\" data-e-type=\"widget\" data-widget_type=\"heading.default\">\n\t\t\t\t<div class=\"elementor-widget-container\">\n\t\t\t\t\t<h2 class=\"elementor-heading-title elementor-size-default\">Legal framework<\/h2>\t\t\t\t<\/div>\n\t\t\t\t<\/div>\n\t\t\t\t<div class=\"elementor-element elementor-element-57f4e155 elementor-widget elementor-widget-text-editor\" data-id=\"57f4e155\" data-element_type=\"widget\" data-e-type=\"widget\" data-widget_type=\"text-editor.default\">\n\t\t\t\t<div class=\"elementor-widget-container\">\n\t\t\t\t\t\t\t\t\t<p>Zakon o pomorskom dobru i morskim lukama (\u201cNarodne novine\u201d br. 83\/23) propisuje vrste koncesija na lu\u010dkom podru\u010dju luka otvorenih za javni promet koje daje lu\u010dka uprava:<\/p><p>Lu\u010dke djelatnosti su osnovne lu\u010dke djelatnosti i pomo\u0107ne lu\u010dke djelatnosti.<\/p><p>Basic port activities are<\/p><ol><li>privez i odvez plovnih i plutaju\u0107ih objekata i hidroaviona<\/li><li>ukrcaj i iskrcaj te prekrcaj i prijenos tereta i njegovo skladi\u0161tenje<\/li><li>ukrcaj i iskrcaj putnika uz upotrebu lu\u010dke prekrcajne opreme<\/li><li>ukrcaj i iskrcaj motornih vozila uz upotrebu lu\u010dke prekrcajne opreme<\/li><li>lu\u010dko tegljenje i potiskivanje<\/li><li>opskrba plovnih objekata robom i uslugama<\/li><li>pru\u017eanje usluga putnicima putem terminala (osiguranje sanitarnog \u010dvora, prostora za \u010dekanje, garderobe, ugostiteljskih usluga, prostora za kupnju karata i sl.)<\/li><li>prihvat i predaja svih vrsta otpada s pomorskih objekata osobi koja obavlja djelatnost gospodarenja otpadom, sukladno propisu kojim se ure\u0111uje gospodarenje otpadom<\/li><li>opskrba plovnih objekata gorivom<\/li><li>opskrba plovnih objekata vodom i energijom.<\/li><\/ol><p>Pomo\u0107ne lu\u010dke djelatnosti su:<\/p><ol><li>gospodarske djelatnosti koje se obavljaju u lukama i koje su neposredno u funkciji obavljanja osnovnih lu\u010dkih djelatnosti i s njima su u logisti\u010dkoj, tehnolo\u0161koj ili ekonomskoj vezi (fumigacija i deratizacija, pranje brodske robe, pomorske agencije, otpreme (\u0161pedicije), zastupanja u carinskim i poreznim postupcima, poslovi kontrole koli\u010dine i kakvo\u0107e robe te ostale djelatnosti isporuke dobara i pru\u017eanja usluga manjeg opsega)<\/li><li>gospodarske djelatnosti koje se obavljaju u lukama, a nisu neposredno u funkciji obavljanja osnovnih lu\u010dkih djelatnosti.<\/li><\/ol>\t\t\t\t\t\t\t\t<\/div>\n\t\t\t\t<\/div>\n\t\t\t\t<div class=\"elementor-element elementor-element-616433e6 elementor-widget elementor-widget-heading\" data-id=\"616433e6\" data-element_type=\"widget\" data-e-type=\"widget\" data-widget_type=\"heading.default\">\n\t\t\t\t<div class=\"elementor-widget-container\">\n\t\t\t\t\t<h2 class=\"elementor-heading-title elementor-size-default\">Documentation<\/h2>\t\t\t\t<\/div>\n\t\t\t\t<\/div>\n\t\t\t\t<div class=\"elementor-element elementor-element-705f433e elementor-widget elementor-widget-text-editor\" data-id=\"705f433e\" data-element_type=\"widget\" data-e-type=\"widget\" data-widget_type=\"text-editor.default\">\n\t\t\t\t<div class=\"elementor-widget-container\">\n\t\t\t\t\t\t\t\t\t<p>The legal framework for the procedure, deadlines, conditions for obtaining concessions, and necessary documentation:<\/p>\n<p>Zakon o pomorskom dobru i morskim lukama (&#8220;Narodne novine&#8221;&nbsp; br. 83\/23.)<br>Link:<span style=\"background-color: yellow; color: black; font-family: Aptos, sans-serif; font-size: 11pt; text-align: var(--text-align);\">&nbsp;<\/span><span lang=\"HR\" style=\"color: black; font-family: Aptos, sans-serif; font-size: 11pt; text-align: var(--text-align);\"><a href=\"https:\/\/www.zakon.hr\/z\/505\/Zakon-o-pomorskom-dobru-i-morskim-lukama\">https:\/\/www.zakon.hr\/z\/505\/Zakon-o-pomorskom-dobru-i-morskim-lukama<\/a><\/span><\/p>\t\t\t\t\t\t\t\t<\/div>\n\t\t\t\t<\/div>\n\t\t<div class=\"elementor-element elementor-element-389379e e-flex e-con-boxed e-con e-child\" data-id=\"389379e\" data-element_type=\"container\" data-e-type=\"container\">\n\t\t\t\t\t<div class=\"e-con-inner\">\n\t\t<a class=\"elementor-element elementor-element-e5b5b9f e-flex e-con-boxed e-con e-child\" data-id=\"e5b5b9f\" data-element_type=\"container\" data-e-type=\"container\" data-settings=\"{&quot;background_background&quot;:&quot;classic&quot;}\" href=\"https:\/\/narodne-novine.nn.hr\/clanci\/sluzbeni\/2003_10_158_2257.html\" target=\"_blank\">\n\t\t\t\t\t<div class=\"e-con-inner\">\n\t\t\t\t<div class=\"elementor-element elementor-element-5585d12 elementor-view-default elementor-widget elementor-widget-icon\" data-id=\"5585d12\" data-element_type=\"widget\" data-e-type=\"widget\" data-widget_type=\"icon.default\">\n\t\t\t\t<div class=\"elementor-widget-container\">\n\t\t\t\t\t\t\t<div class=\"elementor-icon-wrapper\">\n\t\t\t<div class=\"elementor-icon\">\n\t\t\t<i aria-hidden=\"true\" class=\"fas fa-external-link-alt\"><\/i>\t\t\t<\/div>\n\t\t<\/div>\n\t\t\t\t\t\t<\/div>\n\t\t\t\t<\/div>\n\t\t\t\t<div class=\"elementor-element elementor-element-11b0794 elementor-widget elementor-widget-heading\" data-id=\"11b0794\" data-element_type=\"widget\" data-e-type=\"widget\" data-widget_type=\"heading.default\">\n\t\t\t\t<div class=\"elementor-widget-container\">\n\t\t\t\t\t<h2 class=\"elementor-heading-title elementor-size-default\">The Law on Maritime Property and Seaports (\u201cNarodne novine\u201d no. 158\/03, 100\/04, 141\/06, and 38\/09)<\/h2>\t\t\t\t<\/div>\n\t\t\t\t<\/div>\n\t\t\t\t\t<\/div>\n\t\t\t\t<\/a>\n\t\t<a class=\"elementor-element elementor-element-97832a1 e-flex e-con-boxed e-con e-child\" data-id=\"97832a1\" data-element_type=\"container\" data-e-type=\"container\" data-settings=\"{&quot;background_background&quot;:&quot;classic&quot;}\" href=\"https:\/\/narodne-novine.nn.hr\/clanci\/sluzbeni\/2004_02_23_665.html\" target=\"_blank\">\n\t\t\t\t\t<div class=\"e-con-inner\">\n\t\t\t\t<div class=\"elementor-element elementor-element-7506483 elementor-view-default elementor-widget elementor-widget-icon\" data-id=\"7506483\" data-element_type=\"widget\" data-e-type=\"widget\" data-widget_type=\"icon.default\">\n\t\t\t\t<div class=\"elementor-widget-container\">\n\t\t\t\t\t\t\t<div class=\"elementor-icon-wrapper\">\n\t\t\t<div class=\"elementor-icon\">\n\t\t\t<i aria-hidden=\"true\" class=\"fas fa-external-link-alt\"><\/i>\t\t\t<\/div>\n\t\t<\/div>\n\t\t\t\t\t\t<\/div>\n\t\t\t\t<\/div>\n\t\t\t\t<div class=\"elementor-element elementor-element-b54b3ca elementor-widget elementor-widget-heading\" data-id=\"b54b3ca\" data-element_type=\"widget\" data-e-type=\"widget\" data-widget_type=\"heading.default\">\n\t\t\t\t<div class=\"elementor-widget-container\">\n\t\t\t\t\t<h2 class=\"elementor-heading-title elementor-size-default\">Regulation on the Procedure for Granting Concessions on Maritime Property (\u201cNarodne novine\u201d no. 23\/04, 101\/04, 39\/06, 63\/08, 125\/10, 102\/11, and 83\/12)<\/h2>\t\t\t\t<\/div>\n\t\t\t\t<\/div>\n\t\t\t\t\t<\/div>\n\t\t\t\t<\/a>\n\t\t<a class=\"elementor-element elementor-element-a9629c4 e-flex e-con-boxed e-con e-child\" data-id=\"a9629c4\" data-element_type=\"container\" data-e-type=\"container\" data-settings=\"{&quot;background_background&quot;:&quot;classic&quot;}\" href=\"https:\/\/narodne-novine.nn.hr\/clanci\/sluzbeni\/2012_12_143_3027.html\" target=\"_blank\">\n\t\t\t\t\t<div class=\"e-con-inner\">\n\t\t\t\t<div class=\"elementor-element elementor-element-6c66c34 elementor-view-default elementor-widget elementor-widget-icon\" data-id=\"6c66c34\" data-element_type=\"widget\" data-e-type=\"widget\" data-widget_type=\"icon.default\">\n\t\t\t\t<div class=\"elementor-widget-container\">\n\t\t\t\t\t\t\t<div class=\"elementor-icon-wrapper\">\n\t\t\t<div class=\"elementor-icon\">\n\t\t\t<i aria-hidden=\"true\" class=\"fas fa-external-link-alt\"><\/i>\t\t\t<\/div>\n\t\t<\/div>\n\t\t\t\t\t\t<\/div>\n\t\t\t\t<\/div>\n\t\t\t\t<div class=\"elementor-element elementor-element-ce9a8e1 elementor-widget elementor-widget-heading\" data-id=\"ce9a8e1\" data-element_type=\"widget\" data-e-type=\"widget\" data-widget_type=\"heading.default\">\n\t\t\t\t<div class=\"elementor-widget-container\">\n\t\t\t\t\t<h2 class=\"elementor-heading-title elementor-size-default\">The Concessions Act (\u201cNarodne novine\u201d no. 143\/2012). <\/h2>\t\t\t\t<\/div>\n\t\t\t\t<\/div>\n\t\t\t\t\t<\/div>\n\t\t\t\t<\/a>\n\t\t\t\t\t<\/div>\n\t\t\t\t<\/div>\n\t\t\t\t<div class=\"elementor-element elementor-element-1aefc97 elementor-widget elementor-widget-heading\" data-id=\"1aefc97\" data-element_type=\"widget\" data-e-type=\"widget\" data-widget_type=\"heading.default\">\n\t\t\t\t<div class=\"elementor-widget-container\">\n\t\t\t\t\t<h2 class=\"elementor-heading-title elementor-size-default\">Popis koncesionara<\/h2>\t\t\t\t<\/div>\n\t\t\t\t<\/div>\n\t\t<a class=\"elementor-element elementor-element-99112ec e-flex e-con-boxed e-con e-child\" data-id=\"99112ec\" data-element_type=\"container\" data-e-type=\"container\" data-settings=\"{&quot;background_background&quot;:&quot;classic&quot;}\" href=\"https:\/\/portauthority-sibenik.hr\/wp-content\/uploads\/2026\/03\/KONCESIONARI.xlsx\" target=\"_blank\">\n\t\t\t\t\t<div class=\"e-con-inner\">\n\t\t\t\t<div class=\"elementor-element elementor-element-d7b8716 elementor-view-default elementor-widget elementor-widget-icon\" data-id=\"d7b8716\" data-element_type=\"widget\" data-e-type=\"widget\" data-widget_type=\"icon.default\">\n\t\t\t\t<div class=\"elementor-widget-container\">\n\t\t\t\t\t\t\t<div class=\"elementor-icon-wrapper\">\n\t\t\t<div class=\"elementor-icon\">\n\t\t\t<i aria-hidden=\"true\" class=\"fas fa-download\"><\/i>\t\t\t<\/div>\n\t\t<\/div>\n\t\t\t\t\t\t<\/div>\n\t\t\t\t<\/div>\n\t\t\t\t<div class=\"elementor-element elementor-element-38dbf4e elementor-widget elementor-widget-heading\" data-id=\"38dbf4e\" data-element_type=\"widget\" data-e-type=\"widget\" data-widget_type=\"heading.default\">\n\t\t\t\t<div class=\"elementor-widget-container\">\n\t\t\t\t\t<h2 class=\"elementor-heading-title elementor-size-default\">Koncesionari<\/h2>\t\t\t\t<\/div>\n\t\t\t\t<\/div>\n\t\t\t\t\t<\/div>\n\t\t\t\t<\/a>\n\t\t\t\t\t<\/div>\n\t\t\t\t<\/div>\n\t\t\t\t<\/div>","protected":false},"excerpt":{"rendered":"<p>Koncesije Pravni okvir Zakon o pomorskom dobru i morskim lukama (\u201cNarodne novine\u201d br. 83\/23) propisuje vrste koncesija na lu\u010dkom podru\u010dju luka otvorenih za javni promet koje daje lu\u010dka uprava: Lu\u010dke djelatnosti su osnovne lu\u010dke djelatnosti i pomo\u0107ne lu\u010dke djelatnosti. Osnovne lu\u010dke djelatnosti su: privez i odvez plovnih i plutaju\u0107ih objekata i hidroaviona ukrcaj i iskrcaj [&hellip;]<\/p>\n","protected":false},"author":1,"featured_media":0,"parent":0,"menu_order":0,"comment_status":"closed","ping_status":"closed","template":"elementor_header_footer","meta":{"footnotes":""},"class_list":["post-1052","page","type-page","status-publish","hentry"],"yoast_head":"<!-- This site is optimized with the Yoast SEO plugin v27.2 - https:\/\/yoast.com\/product\/yoast-seo-wordpress\/ -->\n<title>Koncesije - Lu\u010dka Uprava \u0160ibenik<\/title>\n<meta name=\"robots\" content=\"index, follow, max-snippet:-1, max-image-preview:large, max-video-preview:-1\" \/>\n<link rel=\"canonical\" href=\"https:\/\/portauthority-sibenik.hr\/en\/koncesije\/\" \/>\n<meta property=\"og:locale\" content=\"en_US\" \/>\n<meta property=\"og:type\" content=\"article\" \/>\n<meta property=\"og:title\" content=\"Koncesije - Lu\u010dka Uprava \u0160ibenik\" \/>\n<meta property=\"og:description\" content=\"Koncesije Pravni okvir Zakon o pomorskom dobru i morskim lukama (\u201cNarodne novine\u201d br. 83\/23) propisuje vrste koncesija na lu\u010dkom podru\u010dju luka otvorenih za javni promet koje daje lu\u010dka uprava: Lu\u010dke djelatnosti su osnovne lu\u010dke djelatnosti i pomo\u0107ne lu\u010dke djelatnosti. Osnovne lu\u010dke djelatnosti su: privez i odvez plovnih i plutaju\u0107ih objekata i hidroaviona ukrcaj i iskrcaj [&hellip;]\" \/>\n<meta property=\"og:url\" content=\"https:\/\/portauthority-sibenik.hr\/en\/koncesije\/\" \/>\n<meta property=\"og:site_name\" content=\"Lu\u010dka Uprava \u0160ibenik\" \/>\n<meta property=\"article:modified_time\" content=\"2026-03-02T14:27:35+00:00\" \/>\n<meta name=\"twitter:card\" content=\"summary_large_image\" \/>\n<meta name=\"twitter:label1\" content=\"Est. reading time\" \/>\n\t<meta name=\"twitter:data1\" content=\"2 minutes\" \/>\n<script type=\"application\/ld+json\" class=\"yoast-schema-graph\">{\"@context\":\"https:\/\/schema.org\",\"@graph\":[{\"@type\":\"WebPage\",\"@id\":\"https:\/\/portauthority-sibenik.hr\/koncesije\/\",\"url\":\"https:\/\/portauthority-sibenik.hr\/koncesije\/\",\"name\":\"Koncesije - Lu\u010dka Uprava \u0160ibenik\",\"isPartOf\":{\"@id\":\"https:\/\/portauthority-sibenik.hr\/#website\"},\"datePublished\":\"2023-03-31T11:44:49+00:00\",\"dateModified\":\"2026-03-02T14:27:35+00:00\",\"breadcrumb\":{\"@id\":\"https:\/\/portauthority-sibenik.hr\/koncesije\/#breadcrumb\"},\"inLanguage\":\"en-US\",\"potentialAction\":[{\"@type\":\"ReadAction\",\"target\":[\"https:\/\/portauthority-sibenik.hr\/koncesije\/\"]}]},{\"@type\":\"BreadcrumbList\",\"@id\":\"https:\/\/portauthority-sibenik.hr\/koncesije\/#breadcrumb\",\"itemListElement\":[{\"@type\":\"ListItem\",\"position\":1,\"name\":\"Home\",\"item\":\"https:\/\/portauthority-sibenik.hr\/\"},{\"@type\":\"ListItem\",\"position\":2,\"name\":\"Koncesije\"}]},{\"@type\":\"WebSite\",\"@id\":\"https:\/\/portauthority-sibenik.hr\/#website\",\"url\":\"https:\/\/portauthority-sibenik.hr\/\",\"name\":\"Lu\u010dka Uprava \u0160ibenik\",\"description\":\"\",\"publisher\":{\"@id\":\"https:\/\/portauthority-sibenik.hr\/#organization\"},\"potentialAction\":[{\"@type\":\"SearchAction\",\"target\":{\"@type\":\"EntryPoint\",\"urlTemplate\":\"https:\/\/portauthority-sibenik.hr\/?s={search_term_string}\"},\"query-input\":{\"@type\":\"PropertyValueSpecification\",\"valueRequired\":true,\"valueName\":\"search_term_string\"}}],\"inLanguage\":\"en-US\"},{\"@type\":\"Organization\",\"@id\":\"https:\/\/portauthority-sibenik.hr\/#organization\",\"name\":\"Lu\u010dka Uprava \u0160ibenik\",\"url\":\"https:\/\/portauthority-sibenik.hr\/\",\"logo\":{\"@type\":\"ImageObject\",\"inLanguage\":\"en-US\",\"@id\":\"https:\/\/portauthority-sibenik.hr\/#\/schema\/logo\/image\/\",\"url\":\"https:\/\/portauthority-sibenik.hr\/wp-content\/uploads\/2023\/05\/LogoPNG-24-blue.png\",\"contentUrl\":\"https:\/\/portauthority-sibenik.hr\/wp-content\/uploads\/2023\/05\/LogoPNG-24-blue.png\",\"width\":300,\"height\":296,\"caption\":\"Lu\u010dka Uprava \u0160ibenik\"},\"image\":{\"@id\":\"https:\/\/portauthority-sibenik.hr\/#\/schema\/logo\/image\/\"}}]}<\/script>\n<!-- \/ Yoast SEO plugin. -->","yoast_head_json":{"title":"Koncesije - Lu\u010dka Uprava \u0160ibenik","robots":{"index":"index","follow":"follow","max-snippet":"max-snippet:-1","max-image-preview":"max-image-preview:large","max-video-preview":"max-video-preview:-1"},"canonical":"https:\/\/portauthority-sibenik.hr\/en\/koncesije\/","og_locale":"en_US","og_type":"article","og_title":"Koncesije - Lu\u010dka Uprava \u0160ibenik","og_description":"Koncesije Pravni okvir Zakon o pomorskom dobru i morskim lukama (\u201cNarodne novine\u201d br. 83\/23) propisuje vrste koncesija na lu\u010dkom podru\u010dju luka otvorenih za javni promet koje daje lu\u010dka uprava: Lu\u010dke djelatnosti su osnovne lu\u010dke djelatnosti i pomo\u0107ne lu\u010dke djelatnosti. Osnovne lu\u010dke djelatnosti su: privez i odvez plovnih i plutaju\u0107ih objekata i hidroaviona ukrcaj i iskrcaj [&hellip;]","og_url":"https:\/\/portauthority-sibenik.hr\/en\/koncesije\/","og_site_name":"Lu\u010dka Uprava \u0160ibenik","article_modified_time":"2026-03-02T14:27:35+00:00","twitter_card":"summary_large_image","twitter_misc":{"Est. reading time":"2 minutes"},"schema":{"@context":"https:\/\/schema.org","@graph":[{"@type":"WebPage","@id":"https:\/\/portauthority-sibenik.hr\/koncesije\/","url":"https:\/\/portauthority-sibenik.hr\/koncesije\/","name":"Koncesije - Lu\u010dka Uprava \u0160ibenik","isPartOf":{"@id":"https:\/\/portauthority-sibenik.hr\/#website"},"datePublished":"2023-03-31T11:44:49+00:00","dateModified":"2026-03-02T14:27:35+00:00","breadcrumb":{"@id":"https:\/\/portauthority-sibenik.hr\/koncesije\/#breadcrumb"},"inLanguage":"en-US","potentialAction":[{"@type":"ReadAction","target":["https:\/\/portauthority-sibenik.hr\/koncesije\/"]}]},{"@type":"BreadcrumbList","@id":"https:\/\/portauthority-sibenik.hr\/koncesije\/#breadcrumb","itemListElement":[{"@type":"ListItem","position":1,"name":"Home","item":"https:\/\/portauthority-sibenik.hr\/"},{"@type":"ListItem","position":2,"name":"Koncesije"}]},{"@type":"WebSite","@id":"https:\/\/portauthority-sibenik.hr\/#website","url":"https:\/\/portauthority-sibenik.hr\/","name":"Lu\u010dka Uprava \u0160ibenik","description":"","publisher":{"@id":"https:\/\/portauthority-sibenik.hr\/#organization"},"potentialAction":[{"@type":"SearchAction","target":{"@type":"EntryPoint","urlTemplate":"https:\/\/portauthority-sibenik.hr\/?s={search_term_string}"},"query-input":{"@type":"PropertyValueSpecification","valueRequired":true,"valueName":"search_term_string"}}],"inLanguage":"en-US"},{"@type":"Organization","@id":"https:\/\/portauthority-sibenik.hr\/#organization","name":"Lu\u010dka Uprava \u0160ibenik","url":"https:\/\/portauthority-sibenik.hr\/","logo":{"@type":"ImageObject","inLanguage":"en-US","@id":"https:\/\/portauthority-sibenik.hr\/#\/schema\/logo\/image\/","url":"https:\/\/portauthority-sibenik.hr\/wp-content\/uploads\/2023\/05\/LogoPNG-24-blue.png","contentUrl":"https:\/\/portauthority-sibenik.hr\/wp-content\/uploads\/2023\/05\/LogoPNG-24-blue.png","width":300,"height":296,"caption":"Lu\u010dka Uprava \u0160ibenik"},"image":{"@id":"https:\/\/portauthority-sibenik.hr\/#\/schema\/logo\/image\/"}}]}},"_links":{"self":[{"href":"http:\/\/portauthority-sibenik.hr\/en\/wp-json\/wp\/v2\/pages\/1052","targetHints":{"allow":["GET"]}}],"collection":[{"href":"http:\/\/portauthority-sibenik.hr\/en\/wp-json\/wp\/v2\/pages"}],"about":[{"href":"http:\/\/portauthority-sibenik.hr\/en\/wp-json\/wp\/v2\/types\/page"}],"author":[{"embeddable":true,"href":"http:\/\/portauthority-sibenik.hr\/en\/wp-json\/wp\/v2\/users\/1"}],"replies":[{"embeddable":true,"href":"http:\/\/portauthority-sibenik.hr\/en\/wp-json\/wp\/v2\/comments?post=1052"}],"version-history":[{"count":39,"href":"http:\/\/portauthority-sibenik.hr\/en\/wp-json\/wp\/v2\/pages\/1052\/revisions"}],"predecessor-version":[{"id":3488,"href":"http:\/\/portauthority-sibenik.hr\/en\/wp-json\/wp\/v2\/pages\/1052\/revisions\/3488"}],"wp:attachment":[{"href":"http:\/\/portauthority-sibenik.hr\/en\/wp-json\/wp\/v2\/media?parent=1052"}],"curies":[{"name":"wp","href":"https:\/\/api.w.org\/{rel}","templated":true}]}}