{"id":1376,"date":"2023-04-04T20:18:30","date_gmt":"2023-04-04T18:18:30","guid":{"rendered":"http:\/\/localhost\/lucka-uprava\/?page_id=1376"},"modified":"2023-04-04T21:00:42","modified_gmt":"2023-04-04T19:00:42","slug":"projekt-mimosa","status":"publish","type":"page","link":"http:\/\/portauthority-sibenik.hr\/en\/projekt-mimosa\/","title":{"rendered":"Projekt Mimosa"},"content":{"rendered":"<div data-elementor-type=\"wp-page\" data-elementor-id=\"1376\" class=\"elementor elementor-1376\" data-elementor-post-type=\"page\">\n\t\t\t\t<div class=\"elementor-element elementor-element-349c438a e-con-full e-flex e-con e-parent\" data-id=\"349c438a\" data-element_type=\"container\" data-e-type=\"container\" data-settings=\"{&quot;background_background&quot;:&quot;classic&quot;}\">\n\t\t\t\t<\/div>\n\t\t<div class=\"elementor-element elementor-element-699a7b11 e-con-full e-flex e-con e-parent\" data-id=\"699a7b11\" data-element_type=\"container\" data-e-type=\"container\" data-settings=\"{&quot;background_background&quot;:&quot;classic&quot;}\">\n\t\t\t\t<div class=\"elementor-element elementor-element-4029c3c2 elementor-widget elementor-widget-heading\" data-id=\"4029c3c2\" data-element_type=\"widget\" data-e-type=\"widget\" data-widget_type=\"heading.default\">\n\t\t\t\t<div class=\"elementor-widget-container\">\n\t\t\t\t\t<h2 class=\"elementor-heading-title elementor-size-default\">MIMOSA<\/h2>\t\t\t\t<\/div>\n\t\t\t\t<\/div>\n\t\t\t\t<div class=\"elementor-element elementor-element-3668d0c8 elementor-align-center elementor-widget elementor-widget-breadcrumbs\" data-id=\"3668d0c8\" data-element_type=\"widget\" data-e-type=\"widget\" data-widget_type=\"breadcrumbs.default\">\n\t\t\t\t<div class=\"elementor-widget-container\">\n\t\t\t\t\t<p id=\"breadcrumbs\"><span><span><a href=\"https:\/\/portauthority-sibenik.hr\/en\/\">Home<\/a><\/span><\/span><\/p>\t\t\t\t<\/div>\n\t\t\t\t<\/div>\n\t\t\t\t<\/div>\n\t\t<div class=\"elementor-element elementor-element-4439379f e-flex e-con-boxed e-con e-parent\" data-id=\"4439379f\" data-element_type=\"container\" data-e-type=\"container\">\n\t\t\t\t\t<div class=\"e-con-inner\">\n\t\t\t\t<div class=\"elementor-element elementor-element-2bf92fab elementor-widget elementor-widget-text-editor\" data-id=\"2bf92fab\" data-element_type=\"widget\" data-e-type=\"widget\" data-widget_type=\"text-editor.default\">\n\t\t\t\t<div class=\"elementor-widget-container\">\n\t\t\t\t\t\t\t\t\t<p><strong>ACRONYM AND PROJECT NAME:<\/strong> MIMOSA \u2013 MarItime and MultimOdal Sustainable pAssenger transport solutions and services<br \/><strong>PROGRAM:<\/strong> INTERREG V-A Italija-Hrvatska 2014.-2020.<br \/><strong>Thematic area:<\/strong> Pomorski prijevoz \u2013 mobilnost putnika<br \/><strong>Project ID:<\/strong> 10249002<br \/><strong>Project duration:<\/strong> 1. 1. 2020. \u2013 31. 12. 2022.<br \/><strong>Total project budget:<\/strong> \u20ac 7.140.000,00<br \/><strong>Prora\u010dun projekta za PP 17 \u2013 Lu\u010dku upravu \u0160ibenik:<\/strong> \u20ac 300.000,00<br \/>Dana 29. srpnja 2020.g odr\u017ean je Kick-off sastanak projekta.<\/p>\t\t\t\t\t\t\t\t<\/div>\n\t\t\t\t<\/div>\n\t\t\t\t<div class=\"elementor-element elementor-element-21219772 elementor-widget elementor-widget-heading\" data-id=\"21219772\" data-element_type=\"widget\" data-e-type=\"widget\" data-widget_type=\"heading.default\">\n\t\t\t\t<div class=\"elementor-widget-container\">\n\t\t\t\t\t<h2 class=\"elementor-heading-title elementor-size-default\">Summary and objective of the project<\/h2>\t\t\t\t<\/div>\n\t\t\t\t<\/div>\n\t\t\t\t<div class=\"elementor-element elementor-element-4421c88 elementor-widget elementor-widget-text-editor\" data-id=\"4421c88\" data-element_type=\"widget\" data-e-type=\"widget\" data-widget_type=\"text-editor.default\">\n\t\t\t\t<div class=\"elementor-widget-container\">\n\t\t\t\t\t\t\t\t\t<p>Projekt MIMOSA, s ciljem pobolj\u0161anja ponude multimodalnih odr\u017eivih rje\u0161enja za promet putnika, promovira novi prekograni\u010dni pristup mobilnosti. Pristup usmjeren na rezultate, u rasponu od multimodalnih rje\u0161enja do inovativnih i pametnih alata i tehnologija, ima za cilj ostvariti pristupa\u010dniju i odr\u017eivu mobilnost putnika sa smanjenom razinom ugljika na cijelom programskom podru\u010dju.<br \/>Prekograni\u010dna suradnja je potrebna za rje\u0161avanje kontinuiranih problema dominantnog cestovnog prijevoza i niske razine povezanosti dviju dr\u017eava, kako bi se gra\u0111anima i turistima ostvarila \u0161ira ponuda odr\u017eivih opcija mobilnosti. Do cilja \u0107e se do\u0107i opse\u017enim istra\u017eivanjem i podizanjem znanja o prometnoj potra\u017enji te navikama i potrebama putnika, \u0161to projekt \u010dini originalnim u odnosu na prethodne inicijative.<br \/>\u0160ibenska Lu\u010dka uprava je planirala pilot aktivnosti kojima je cilj pobolj\u0161anje udobnosti putnika u luci \u0160ibenik i sigurnost plovidbe. Projekt se sastoji od tri elementa:<\/p><ul><li>Instalacija dvije \u010dekaonice sa solarnim panelima za putnike u doma\u0107em prijevozu koje \u0107e omogu\u0107iti skloni\u0161te za putnike u svim vremenskim uvjetima, no\u0107nu LED rasvjetu, punjenje mobilnih ure\u0111aja i tableta, besplatnu Wi-Fi internet vezu, LED zaslon s multimedijskim sadr\u017eajem i informacijama o putovanjima.<\/li><li>Instalacija dva info kioska s multimedijskim sadr\u017eajem o putovanjima i odredi\u0161tima putovanja za putnike u doma\u0107em i me\u0111unarodnom putni\u010dkom prijevozu<\/li><li>Instalacija dvije pametne pluta\u010de sa senzorskim sustavom za prikupljanje podataka i meteorolo\u0161ka stanica na gatu Vrulje koje slu\u017ee za mjerenje razli\u010ditih meteorolo\u0161kih podataka potrebnih za regulaciju sigurnog prijevoza putnika u luci. Uz to postavljena meteorolo\u0161ka stanica \u0107e osigurati da putnicima budu na raspolaganju potrebne informacije i podaci.<\/li><\/ul>\t\t\t\t\t\t\t\t<\/div>\n\t\t\t\t<\/div>\n\t\t\t\t<div class=\"elementor-element elementor-element-939b1da elementor-widget elementor-widget-heading\" data-id=\"939b1da\" data-element_type=\"widget\" data-e-type=\"widget\" data-widget_type=\"heading.default\">\n\t\t\t\t<div class=\"elementor-widget-container\">\n\t\t\t\t\t<h2 class=\"elementor-heading-title elementor-size-default\">Project partners:<\/h2>\t\t\t\t<\/div>\n\t\t\t\t<\/div>\n\t\t\t\t<div class=\"elementor-element elementor-element-96fd83c elementor-widget elementor-widget-text-editor\" data-id=\"96fd83c\" data-element_type=\"widget\" data-e-type=\"widget\" data-widget_type=\"text-editor.default\">\n\t\t\t\t<div class=\"elementor-widget-container\">\n\t\t\t\t\t\t\t\t\t<ul><li>Central European Initiative Executive Secretariat (ITA)<\/li><li>Autonomus Region of Friuli Venezia Giulia (ITA)<\/li><li>CA\u2019Foscari Univerity of Venice (ITA)<\/li><li>Institute for Transport and Logistics Doundation (ITA)<\/li><li>Central Adriatic Ports Authority (ITA)<\/li><li>Abruzzo Region (ITA)<\/li><li>Apulia Region (ITA)<\/li><li>Ministarstvo za regionalni razvoj i EU fondove \u2013 Uprava za otoke (HR)<\/li><li>Regionalna razvojna agencija Primorsko-goranske \u017eupanije (HR)<\/li><li>Istarska razvojna agencija \u2013 IDA d.o.o. (HR)<\/li><li>Sveu\u010dili\u0161te u Rijeci, Pomorski fakultet (HR)<\/li><li>Dubrova\u010dko-neretvanska \u017eupanija (HR)<\/li><li>H\u017d Putni\u010dki prijevoz d.o.o. (HR)<\/li><li>Lu\u010dka uprava Split (HR)<\/li><li>Lu\u010dka uprava Rovinj (HR)<\/li><li>Razvojna agencija Li\u010dko-senjske \u017eupanije \u2013 LIRA (HR)<\/li><li>\u017dupanijska lu\u010dka uprava Zadar (HR)<\/li><li>Lu\u010dka uprava \u0160ibenik (HR)<\/li><\/ul><p>\u00a0<\/p><p>Vi\u0161e o Programu prekograni\u010dne suradnje Italija \u2013 Hrvatska (Interreg Italy \u2013 Croatia) i projektu Mimosa, mo\u017eete potra\u017eiti na\u00a0<a href=\"https:\/\/www.italy-croatia.eu\/web\/mimosa\">https:\/\/www.italy-croatia.eu\/web\/mimosa<\/a>\u00a0.<\/p>\t\t\t\t\t\t\t\t<\/div>\n\t\t\t\t<\/div>\n\t\t\t\t\t<\/div>\n\t\t\t\t<\/div>\n\t\t\t\t<\/div>","protected":false},"excerpt":{"rendered":"<p>MIMOSA AKRONIM I NAZIV PROJEKTA: MIMOSA \u2013 MarItime and MultimOdal Sustainable pAssenger transport solutions and servicesPROGRAM FINANCIRANJA: INTERREG V-A Italija-Hrvatska 2014.-2020.Tematsko podru\u010dje: Pomorski prijevoz \u2013 mobilnost putnikaProjekt ID: 10249002Trajanje projekta: 1. 1. 2020. \u2013 31. 12. 2022.Ukupni prora\u010dun projekta: \u20ac 7.140.000,00Prora\u010dun projekta za PP 17 \u2013 Lu\u010dku upravu \u0160ibenik: \u20ac 300.000,00Dana 29. srpnja 2020.g odr\u017ean [&hellip;]<\/p>\n","protected":false},"author":1,"featured_media":0,"parent":0,"menu_order":0,"comment_status":"closed","ping_status":"closed","template":"elementor_header_footer","meta":{"footnotes":""},"class_list":["post-1376","page","type-page","status-publish","hentry"],"yoast_head":"<!-- This site is optimized with the Yoast SEO plugin v27.5 - https:\/\/yoast.com\/product\/yoast-seo-wordpress\/ -->\n<title>Projekt Mimosa - Lu\u010dka Uprava \u0160ibenik<\/title>\n<meta name=\"robots\" content=\"index, follow, max-snippet:-1, max-image-preview:large, max-video-preview:-1\" \/>\n<link rel=\"canonical\" href=\"https:\/\/portauthority-sibenik.hr\/en\/projekt-mimosa\/\" \/>\n<meta property=\"og:locale\" content=\"en_US\" \/>\n<meta property=\"og:type\" content=\"article\" \/>\n<meta property=\"og:title\" content=\"Projekt Mimosa - Lu\u010dka Uprava \u0160ibenik\" \/>\n<meta property=\"og:description\" content=\"MIMOSA AKRONIM I NAZIV PROJEKTA: MIMOSA \u2013 MarItime and MultimOdal Sustainable pAssenger transport solutions and servicesPROGRAM FINANCIRANJA: INTERREG V-A Italija-Hrvatska 2014.-2020.Tematsko podru\u010dje: Pomorski prijevoz \u2013 mobilnost putnikaProjekt ID: 10249002Trajanje projekta: 1. 1. 2020. \u2013 31. 12. 2022.Ukupni prora\u010dun projekta: \u20ac 7.140.000,00Prora\u010dun projekta za PP 17 \u2013 Lu\u010dku upravu \u0160ibenik: \u20ac 300.000,00Dana 29. srpnja 2020.g odr\u017ean [&hellip;]\" \/>\n<meta property=\"og:url\" content=\"https:\/\/portauthority-sibenik.hr\/en\/projekt-mimosa\/\" \/>\n<meta property=\"og:site_name\" content=\"Lu\u010dka Uprava \u0160ibenik\" \/>\n<meta property=\"article:modified_time\" content=\"2023-04-04T19:00:42+00:00\" \/>\n<meta name=\"twitter:card\" content=\"summary_large_image\" \/>\n<meta name=\"twitter:label1\" content=\"Est. reading time\" \/>\n\t<meta name=\"twitter:data1\" content=\"2 minutes\" \/>\n<script type=\"application\/ld+json\" class=\"yoast-schema-graph\">{\"@context\":\"https:\\\/\\\/schema.org\",\"@graph\":[{\"@type\":\"WebPage\",\"@id\":\"https:\\\/\\\/portauthority-sibenik.hr\\\/projekt-mimosa\\\/\",\"url\":\"https:\\\/\\\/portauthority-sibenik.hr\\\/projekt-mimosa\\\/\",\"name\":\"Projekt Mimosa - Lu\u010dka Uprava \u0160ibenik\",\"isPartOf\":{\"@id\":\"https:\\\/\\\/portauthority-sibenik.hr\\\/#website\"},\"datePublished\":\"2023-04-04T18:18:30+00:00\",\"dateModified\":\"2023-04-04T19:00:42+00:00\",\"breadcrumb\":{\"@id\":\"https:\\\/\\\/portauthority-sibenik.hr\\\/projekt-mimosa\\\/#breadcrumb\"},\"inLanguage\":\"en-US\",\"potentialAction\":[{\"@type\":\"ReadAction\",\"target\":[\"https:\\\/\\\/portauthority-sibenik.hr\\\/projekt-mimosa\\\/\"]}]},{\"@type\":\"BreadcrumbList\",\"@id\":\"https:\\\/\\\/portauthority-sibenik.hr\\\/projekt-mimosa\\\/#breadcrumb\",\"itemListElement\":[{\"@type\":\"ListItem\",\"position\":1,\"name\":\"Home\",\"item\":\"https:\\\/\\\/portauthority-sibenik.hr\\\/\"},{\"@type\":\"ListItem\",\"position\":2,\"name\":\"Projekt Mimosa\"}]},{\"@type\":\"WebSite\",\"@id\":\"https:\\\/\\\/portauthority-sibenik.hr\\\/#website\",\"url\":\"https:\\\/\\\/portauthority-sibenik.hr\\\/\",\"name\":\"Lu\u010dka Uprava \u0160ibenik\",\"description\":\"\",\"publisher\":{\"@id\":\"https:\\\/\\\/portauthority-sibenik.hr\\\/#organization\"},\"potentialAction\":[{\"@type\":\"SearchAction\",\"target\":{\"@type\":\"EntryPoint\",\"urlTemplate\":\"https:\\\/\\\/portauthority-sibenik.hr\\\/?s={search_term_string}\"},\"query-input\":{\"@type\":\"PropertyValueSpecification\",\"valueRequired\":true,\"valueName\":\"search_term_string\"}}],\"inLanguage\":\"en-US\"},{\"@type\":\"Organization\",\"@id\":\"https:\\\/\\\/portauthority-sibenik.hr\\\/#organization\",\"name\":\"Lu\u010dka Uprava \u0160ibenik\",\"url\":\"https:\\\/\\\/portauthority-sibenik.hr\\\/\",\"logo\":{\"@type\":\"ImageObject\",\"inLanguage\":\"en-US\",\"@id\":\"https:\\\/\\\/portauthority-sibenik.hr\\\/#\\\/schema\\\/logo\\\/image\\\/\",\"url\":\"https:\\\/\\\/portauthority-sibenik.hr\\\/wp-content\\\/uploads\\\/2023\\\/05\\\/LogoPNG-24-blue.png\",\"contentUrl\":\"https:\\\/\\\/portauthority-sibenik.hr\\\/wp-content\\\/uploads\\\/2023\\\/05\\\/LogoPNG-24-blue.png\",\"width\":300,\"height\":296,\"caption\":\"Lu\u010dka Uprava \u0160ibenik\"},\"image\":{\"@id\":\"https:\\\/\\\/portauthority-sibenik.hr\\\/#\\\/schema\\\/logo\\\/image\\\/\"}}]}<\/script>\n<!-- \/ Yoast SEO plugin. -->","yoast_head_json":{"title":"Projekt Mimosa - Lu\u010dka Uprava \u0160ibenik","robots":{"index":"index","follow":"follow","max-snippet":"max-snippet:-1","max-image-preview":"max-image-preview:large","max-video-preview":"max-video-preview:-1"},"canonical":"https:\/\/portauthority-sibenik.hr\/en\/projekt-mimosa\/","og_locale":"en_US","og_type":"article","og_title":"Projekt Mimosa - Lu\u010dka Uprava \u0160ibenik","og_description":"MIMOSA AKRONIM I NAZIV PROJEKTA: MIMOSA \u2013 MarItime and MultimOdal Sustainable pAssenger transport solutions and servicesPROGRAM FINANCIRANJA: INTERREG V-A Italija-Hrvatska 2014.-2020.Tematsko podru\u010dje: Pomorski prijevoz \u2013 mobilnost putnikaProjekt ID: 10249002Trajanje projekta: 1. 1. 2020. \u2013 31. 12. 2022.Ukupni prora\u010dun projekta: \u20ac 7.140.000,00Prora\u010dun projekta za PP 17 \u2013 Lu\u010dku upravu \u0160ibenik: \u20ac 300.000,00Dana 29. srpnja 2020.g odr\u017ean [&hellip;]","og_url":"https:\/\/portauthority-sibenik.hr\/en\/projekt-mimosa\/","og_site_name":"Lu\u010dka Uprava \u0160ibenik","article_modified_time":"2023-04-04T19:00:42+00:00","twitter_card":"summary_large_image","twitter_misc":{"Est. reading time":"2 minutes"},"schema":{"@context":"https:\/\/schema.org","@graph":[{"@type":"WebPage","@id":"https:\/\/portauthority-sibenik.hr\/projekt-mimosa\/","url":"https:\/\/portauthority-sibenik.hr\/projekt-mimosa\/","name":"Projekt Mimosa - Lu\u010dka Uprava \u0160ibenik","isPartOf":{"@id":"https:\/\/portauthority-sibenik.hr\/#website"},"datePublished":"2023-04-04T18:18:30+00:00","dateModified":"2023-04-04T19:00:42+00:00","breadcrumb":{"@id":"https:\/\/portauthority-sibenik.hr\/projekt-mimosa\/#breadcrumb"},"inLanguage":"en-US","potentialAction":[{"@type":"ReadAction","target":["https:\/\/portauthority-sibenik.hr\/projekt-mimosa\/"]}]},{"@type":"BreadcrumbList","@id":"https:\/\/portauthority-sibenik.hr\/projekt-mimosa\/#breadcrumb","itemListElement":[{"@type":"ListItem","position":1,"name":"Home","item":"https:\/\/portauthority-sibenik.hr\/"},{"@type":"ListItem","position":2,"name":"Projekt Mimosa"}]},{"@type":"WebSite","@id":"https:\/\/portauthority-sibenik.hr\/#website","url":"https:\/\/portauthority-sibenik.hr\/","name":"Lu\u010dka Uprava \u0160ibenik","description":"","publisher":{"@id":"https:\/\/portauthority-sibenik.hr\/#organization"},"potentialAction":[{"@type":"SearchAction","target":{"@type":"EntryPoint","urlTemplate":"https:\/\/portauthority-sibenik.hr\/?s={search_term_string}"},"query-input":{"@type":"PropertyValueSpecification","valueRequired":true,"valueName":"search_term_string"}}],"inLanguage":"en-US"},{"@type":"Organization","@id":"https:\/\/portauthority-sibenik.hr\/#organization","name":"Lu\u010dka Uprava \u0160ibenik","url":"https:\/\/portauthority-sibenik.hr\/","logo":{"@type":"ImageObject","inLanguage":"en-US","@id":"https:\/\/portauthority-sibenik.hr\/#\/schema\/logo\/image\/","url":"https:\/\/portauthority-sibenik.hr\/wp-content\/uploads\/2023\/05\/LogoPNG-24-blue.png","contentUrl":"https:\/\/portauthority-sibenik.hr\/wp-content\/uploads\/2023\/05\/LogoPNG-24-blue.png","width":300,"height":296,"caption":"Lu\u010dka Uprava \u0160ibenik"},"image":{"@id":"https:\/\/portauthority-sibenik.hr\/#\/schema\/logo\/image\/"}}]}},"_links":{"self":[{"href":"http:\/\/portauthority-sibenik.hr\/en\/wp-json\/wp\/v2\/pages\/1376","targetHints":{"allow":["GET"]}}],"collection":[{"href":"http:\/\/portauthority-sibenik.hr\/en\/wp-json\/wp\/v2\/pages"}],"about":[{"href":"http:\/\/portauthority-sibenik.hr\/en\/wp-json\/wp\/v2\/types\/page"}],"author":[{"embeddable":true,"href":"http:\/\/portauthority-sibenik.hr\/en\/wp-json\/wp\/v2\/users\/1"}],"replies":[{"embeddable":true,"href":"http:\/\/portauthority-sibenik.hr\/en\/wp-json\/wp\/v2\/comments?post=1376"}],"version-history":[{"count":0,"href":"http:\/\/portauthority-sibenik.hr\/en\/wp-json\/wp\/v2\/pages\/1376\/revisions"}],"wp:attachment":[{"href":"http:\/\/portauthority-sibenik.hr\/en\/wp-json\/wp\/v2\/media?parent=1376"}],"curies":[{"name":"wp","href":"https:\/\/api.w.org\/{rel}","templated":true}]}}