{"id":264,"date":"2023-03-30T19:24:19","date_gmt":"2023-03-30T17:24:19","guid":{"rendered":"http:\/\/localhost\/lucka-uprava\/?page_id=264"},"modified":"2023-04-05T12:54:48","modified_gmt":"2023-04-05T10:54:48","slug":"sigurnosna-zastita","status":"publish","type":"page","link":"http:\/\/portauthority-sibenik.hr\/en\/sigurnosna-zastita\/","title":{"rendered":"Safety"},"content":{"rendered":"<div data-elementor-type=\"wp-page\" data-elementor-id=\"264\" class=\"elementor elementor-264\" data-elementor-post-type=\"page\">\n\t\t\t\t<div class=\"elementor-element elementor-element-48ba60b8 e-con-full e-flex e-con e-parent\" data-id=\"48ba60b8\" data-element_type=\"container\" data-e-type=\"container\" data-settings=\"{&quot;background_background&quot;:&quot;classic&quot;}\">\n\t\t\t\t<\/div>\n\t\t<div class=\"elementor-element elementor-element-be8441d e-con-full e-flex e-con e-parent\" data-id=\"be8441d\" data-element_type=\"container\" data-e-type=\"container\" data-settings=\"{&quot;background_background&quot;:&quot;classic&quot;}\">\n\t\t\t\t<div class=\"elementor-element elementor-element-46342d1a elementor-widget elementor-widget-heading\" data-id=\"46342d1a\" data-element_type=\"widget\" data-e-type=\"widget\" data-widget_type=\"heading.default\">\n\t\t\t\t<div class=\"elementor-widget-container\">\n\t\t\t\t\t<h2 class=\"elementor-heading-title elementor-size-default\">Safety<\/h2>\t\t\t\t<\/div>\n\t\t\t\t<\/div>\n\t\t\t\t<div class=\"elementor-element elementor-element-3ad6990d elementor-align-center elementor-widget elementor-widget-breadcrumbs\" data-id=\"3ad6990d\" data-element_type=\"widget\" data-e-type=\"widget\" data-widget_type=\"breadcrumbs.default\">\n\t\t\t\t<div class=\"elementor-widget-container\">\n\t\t\t\t\t<p id=\"breadcrumbs\"><span><span><a href=\"https:\/\/portauthority-sibenik.hr\/en\/\">Home<\/a><\/span><\/span><\/p>\t\t\t\t<\/div>\n\t\t\t\t<\/div>\n\t\t\t\t<\/div>\n\t\t<div class=\"elementor-element elementor-element-7c129918 e-flex e-con-boxed e-con e-parent\" data-id=\"7c129918\" data-element_type=\"container\" data-e-type=\"container\">\n\t\t\t\t\t<div class=\"e-con-inner\">\n\t\t<div class=\"elementor-element elementor-element-6a64e1 e-flex e-con-boxed e-con e-child\" data-id=\"6a64e1\" data-element_type=\"container\" data-e-type=\"container\">\n\t\t\t\t\t<div class=\"e-con-inner\">\n\t\t\t\t<div class=\"elementor-element elementor-element-99eb3be elementor-widget elementor-widget-text-editor\" data-id=\"99eb3be\" data-element_type=\"widget\" data-e-type=\"widget\" data-widget_type=\"text-editor.default\">\n\t\t\t\t<div class=\"elementor-widget-container\">\n\t\t\t\t\t\t\t\t\t<p>Management of safety and hazards represents a new approach to safety and security management in the area of the Port Authority of \u0160ibenik. It was developed through the broader interests of the Port of \u0160ibenik, with the aim of improving the safety of those who use the port or work in the port, as well as the safety of ships, passengers, cargo, and the environment. It is particularly focused on those who affect human lives, property, and the environment in and around the port.<\/p><p>In order to maintain a high level of security in the port area, the Port Authority of \u0160ibenik will introduce a video surveillance system as well as a system for controlling access of persons, vehicles, and vessels (AIS) in the port area.<\/p><p>The Port Authority of \u0160ibenik has aligned its Port Facility Security Plan with the International Ship and Port Facility Security Code (ISPS Code) on July 30th, 2004, which sets out the mandatory security requirements for ships and port facilities engaged in international trade.<\/p><p>To ensure quick response in case of accidents:<\/p><p>\u2022 In case of major accidents at sea (pollution, rescue, collision, grounding, sinking, fire)<\/p><p>\u2022 Bomb\/terrorism threats<\/p><p>\u2022 Emergency medical situations where human lives are at risk.<\/p><p>\u2022 Any form of harassment of the ship's crew.<\/p><p class=\"translation-block\">All commanders, officers and security personnel of the port area must immediately sound the alarm <br> by dialing the number or calling as follows:<\/p>\t\t\t\t\t\t\t\t<\/div>\n\t\t\t\t<\/div>\n\t\t\t\t\t<\/div>\n\t\t\t\t<\/div>\n\t\t<div class=\"elementor-element elementor-element-9f20626 e-flex e-con-boxed e-con e-child\" data-id=\"9f20626\" data-element_type=\"container\" data-e-type=\"container\">\n\t\t\t\t\t<div class=\"e-con-inner\">\n\t\t\t\t<div class=\"elementor-element elementor-element-b0cfcf3 elementor-widget elementor-widget-heading\" data-id=\"b0cfcf3\" data-element_type=\"widget\" data-e-type=\"widget\" data-widget_type=\"heading.default\">\n\t\t\t\t<div class=\"elementor-widget-container\">\n\t\t\t\t\t<h2 class=\"elementor-heading-title elementor-size-default\">Security Coordinator<\/h2>\t\t\t\t<\/div>\n\t\t\t\t<\/div>\n\t\t<div class=\"elementor-element elementor-element-bed0a12 e-flex e-con-boxed e-con e-child\" data-id=\"bed0a12\" data-element_type=\"container\" data-e-type=\"container\">\n\t\t\t\t\t<div class=\"e-con-inner\">\n\t\t\t\t<div class=\"elementor-element elementor-element-ba89ef6 elementor-view-default elementor-widget elementor-widget-icon\" data-id=\"ba89ef6\" data-element_type=\"widget\" data-e-type=\"widget\" data-widget_type=\"icon.default\">\n\t\t\t\t<div class=\"elementor-widget-container\">\n\t\t\t\t\t\t\t<div class=\"elementor-icon-wrapper\">\n\t\t\t<div class=\"elementor-icon\">\n\t\t\t<i aria-hidden=\"true\" class=\"fas fa-user-alt\"><\/i>\t\t\t<\/div>\n\t\t<\/div>\n\t\t\t\t\t\t<\/div>\n\t\t\t\t<\/div>\n\t\t\t\t<div class=\"elementor-element elementor-element-06a87e0 elementor-widget elementor-widget-heading\" data-id=\"06a87e0\" data-element_type=\"widget\" data-e-type=\"widget\" data-widget_type=\"heading.default\">\n\t\t\t\t<div class=\"elementor-widget-container\">\n\t\t\t\t\t<h2 class=\"elementor-heading-title elementor-size-default\">Kre\u0161imir Bulat eng.<\/h2>\t\t\t\t<\/div>\n\t\t\t\t<\/div>\n\t\t\t\t\t<\/div>\n\t\t\t\t<\/div>\n\t\t<a class=\"elementor-element elementor-element-5b70ebc e-flex e-con-boxed e-con e-child\" data-id=\"5b70ebc\" data-element_type=\"container\" data-e-type=\"container\" data-settings=\"{&quot;background_background&quot;:&quot;classic&quot;}\" href=\"tel:+38522200308\">\n\t\t\t\t\t<div class=\"e-con-inner\">\n\t\t<div class=\"elementor-element elementor-element-3e297cc e-con-full e-flex e-con e-child\" data-id=\"3e297cc\" data-element_type=\"container\" data-e-type=\"container\">\n\t\t\t\t<div class=\"elementor-element elementor-element-9d83c3f elementor-view-default elementor-widget elementor-widget-icon\" data-id=\"9d83c3f\" data-element_type=\"widget\" data-e-type=\"widget\" data-widget_type=\"icon.default\">\n\t\t\t\t<div class=\"elementor-widget-container\">\n\t\t\t\t\t\t\t<div class=\"elementor-icon-wrapper\">\n\t\t\t<div class=\"elementor-icon\">\n\t\t\t<i aria-hidden=\"true\" class=\"fas fa-mobile-alt\"><\/i>\t\t\t<\/div>\n\t\t<\/div>\n\t\t\t\t\t\t<\/div>\n\t\t\t\t<\/div>\n\t\t\t\t<div class=\"elementor-element elementor-element-a04c060 elementor-widget elementor-widget-heading\" data-id=\"a04c060\" data-element_type=\"widget\" data-e-type=\"widget\" data-widget_type=\"heading.default\">\n\t\t\t\t<div class=\"elementor-widget-container\">\n\t\t\t\t\t<h2 class=\"elementor-heading-title elementor-size-default\">Phone<\/h2>\t\t\t\t<\/div>\n\t\t\t\t<\/div>\n\t\t\t\t<\/div>\n\t\t\t\t<div class=\"elementor-element elementor-element-bd909b0 elementor-widget elementor-widget-heading\" data-id=\"bd909b0\" data-element_type=\"widget\" data-e-type=\"widget\" data-widget_type=\"heading.default\">\n\t\t\t\t<div class=\"elementor-widget-container\">\n\t\t\t\t\t<h2 class=\"elementor-heading-title elementor-size-default\">+385 (0)22 200 308<\/h2>\t\t\t\t<\/div>\n\t\t\t\t<\/div>\n\t\t\t\t\t<\/div>\n\t\t\t\t<\/a>\n\t\t<a class=\"elementor-element elementor-element-f87099c e-flex e-con-boxed e-con e-child\" data-id=\"f87099c\" data-element_type=\"container\" data-e-type=\"container\" data-settings=\"{&quot;background_background&quot;:&quot;classic&quot;}\">\n\t\t\t\t\t<div class=\"e-con-inner\">\n\t\t<div class=\"elementor-element elementor-element-7ce9387 e-con-full e-flex e-con e-child\" data-id=\"7ce9387\" data-element_type=\"container\" data-e-type=\"container\">\n\t\t\t\t<div class=\"elementor-element elementor-element-9bb4ec3 elementor-view-default elementor-widget elementor-widget-icon\" data-id=\"9bb4ec3\" data-element_type=\"widget\" data-e-type=\"widget\" data-widget_type=\"icon.default\">\n\t\t\t\t<div class=\"elementor-widget-container\">\n\t\t\t\t\t\t\t<div class=\"elementor-icon-wrapper\">\n\t\t\t<div class=\"elementor-icon\">\n\t\t\t<i aria-hidden=\"true\" class=\"fas fa-fax\"><\/i>\t\t\t<\/div>\n\t\t<\/div>\n\t\t\t\t\t\t<\/div>\n\t\t\t\t<\/div>\n\t\t\t\t<div class=\"elementor-element elementor-element-99cc1cf elementor-widget elementor-widget-heading\" data-id=\"99cc1cf\" data-element_type=\"widget\" data-e-type=\"widget\" data-widget_type=\"heading.default\">\n\t\t\t\t<div class=\"elementor-widget-container\">\n\t\t\t\t\t<h2 class=\"elementor-heading-title elementor-size-default\">Fax<\/h2>\t\t\t\t<\/div>\n\t\t\t\t<\/div>\n\t\t\t\t<\/div>\n\t\t\t\t<div class=\"elementor-element elementor-element-7984f0f elementor-widget elementor-widget-heading\" data-id=\"7984f0f\" data-element_type=\"widget\" data-e-type=\"widget\" data-widget_type=\"heading.default\">\n\t\t\t\t<div class=\"elementor-widget-container\">\n\t\t\t\t\t<h2 class=\"elementor-heading-title elementor-size-default\">+385 (0)22 200 362<\/h2>\t\t\t\t<\/div>\n\t\t\t\t<\/div>\n\t\t\t\t\t<\/div>\n\t\t\t\t<\/a>\n\t\t<a class=\"elementor-element elementor-element-e228b40 e-flex e-con-boxed e-con e-child\" data-id=\"e228b40\" data-element_type=\"container\" data-e-type=\"container\" data-settings=\"{&quot;background_background&quot;:&quot;classic&quot;}\" href=\"tel:+385997333113\">\n\t\t\t\t\t<div class=\"e-con-inner\">\n\t\t<div class=\"elementor-element elementor-element-6eba31e e-con-full e-flex e-con e-child\" data-id=\"6eba31e\" data-element_type=\"container\" data-e-type=\"container\">\n\t\t\t\t<div class=\"elementor-element elementor-element-a998ba4 elementor-view-default elementor-widget elementor-widget-icon\" data-id=\"a998ba4\" data-element_type=\"widget\" data-e-type=\"widget\" data-widget_type=\"icon.default\">\n\t\t\t\t<div class=\"elementor-widget-container\">\n\t\t\t\t\t\t\t<div class=\"elementor-icon-wrapper\">\n\t\t\t<div class=\"elementor-icon\">\n\t\t\t<i aria-hidden=\"true\" class=\"fas fa-mobile-alt\"><\/i>\t\t\t<\/div>\n\t\t<\/div>\n\t\t\t\t\t\t<\/div>\n\t\t\t\t<\/div>\n\t\t\t\t<div class=\"elementor-element elementor-element-8b94789 elementor-widget elementor-widget-heading\" data-id=\"8b94789\" data-element_type=\"widget\" data-e-type=\"widget\" data-widget_type=\"heading.default\">\n\t\t\t\t<div class=\"elementor-widget-container\">\n\t\t\t\t\t<h2 class=\"elementor-heading-title elementor-size-default\">GSM<\/h2>\t\t\t\t<\/div>\n\t\t\t\t<\/div>\n\t\t\t\t<\/div>\n\t\t\t\t<div class=\"elementor-element elementor-element-14fe486 elementor-widget elementor-widget-heading\" data-id=\"14fe486\" data-element_type=\"widget\" data-e-type=\"widget\" data-widget_type=\"heading.default\">\n\t\t\t\t<div class=\"elementor-widget-container\">\n\t\t\t\t\t<h2 class=\"elementor-heading-title elementor-size-default\">+385 (0)99 733 3113<\/h2>\t\t\t\t<\/div>\n\t\t\t\t<\/div>\n\t\t\t\t\t<\/div>\n\t\t\t\t<\/a>\n\t\t<a class=\"elementor-element elementor-element-a6df2c7 e-flex e-con-boxed e-con e-child\" data-id=\"a6df2c7\" data-element_type=\"container\" data-e-type=\"container\" data-settings=\"{&quot;background_background&quot;:&quot;classic&quot;}\" href=\"mailto:psfo@portauthority-sibenik.hr\">\n\t\t\t\t\t<div class=\"e-con-inner\">\n\t\t<div class=\"elementor-element elementor-element-44e499e e-con-full e-flex e-con e-child\" data-id=\"44e499e\" data-element_type=\"container\" data-e-type=\"container\">\n\t\t\t\t<div class=\"elementor-element elementor-element-8c4984d elementor-view-default elementor-widget elementor-widget-icon\" data-id=\"8c4984d\" data-element_type=\"widget\" data-e-type=\"widget\" data-widget_type=\"icon.default\">\n\t\t\t\t<div class=\"elementor-widget-container\">\n\t\t\t\t\t\t\t<div class=\"elementor-icon-wrapper\">\n\t\t\t<div class=\"elementor-icon\">\n\t\t\t<i aria-hidden=\"true\" class=\"far fa-envelope\"><\/i>\t\t\t<\/div>\n\t\t<\/div>\n\t\t\t\t\t\t<\/div>\n\t\t\t\t<\/div>\n\t\t\t\t<div class=\"elementor-element elementor-element-fd5b3c6 elementor-widget elementor-widget-heading\" data-id=\"fd5b3c6\" data-element_type=\"widget\" data-e-type=\"widget\" data-widget_type=\"heading.default\">\n\t\t\t\t<div class=\"elementor-widget-container\">\n\t\t\t\t\t<h2 class=\"elementor-heading-title elementor-size-default\">E-mail<\/h2>\t\t\t\t<\/div>\n\t\t\t\t<\/div>\n\t\t\t\t<\/div>\n\t\t\t\t<div class=\"elementor-element elementor-element-240262a elementor-widget elementor-widget-heading\" data-id=\"240262a\" data-element_type=\"widget\" data-e-type=\"widget\" data-widget_type=\"heading.default\">\n\t\t\t\t<div class=\"elementor-widget-container\">\n\t\t\t\t\t<h2 class=\"elementor-heading-title elementor-size-default\">pfso@portauthority-sibenik.hr<\/h2>\t\t\t\t<\/div>\n\t\t\t\t<\/div>\n\t\t\t\t\t<\/div>\n\t\t\t\t<\/a>\n\t\t\t\t\t<\/div>\n\t\t\t\t<\/div>\n\t\t\t\t\t<\/div>\n\t\t\t\t<\/div>\n\t\t\t\t<\/div>","protected":false},"excerpt":{"rendered":"<p>Sigurnosna za\u0161tita Upravljanje sigurnosnom za\u0161titom i opasnostima predstavlja novi pristup upravljanju sigurnosnom za\u0161titom i sigurno\u0161\u0107u na prostoru Lu\u010dke uprave \u0160ibenik. Razvijeno je pomo\u0107u \u0161irih interesa u Luci \u0160ibenik, a cilj je unaprijediti sigurnost onih koji koriste luku ili rade u luci, brodova, putnika i tereta kao i okoli\u0161a. Naro\u010dito je usredoto\u010deno na one koji utje\u010du [&hellip;]<\/p>\n","protected":false},"author":1,"featured_media":0,"parent":0,"menu_order":0,"comment_status":"closed","ping_status":"closed","template":"elementor_header_footer","meta":{"footnotes":""},"class_list":["post-264","page","type-page","status-publish","hentry"],"yoast_head":"<!-- This site is optimized with the Yoast SEO plugin v27.2 - https:\/\/yoast.com\/product\/yoast-seo-wordpress\/ -->\n<title>Sigurnosna za\u0161tita - Lu\u010dka Uprava \u0160ibenik<\/title>\n<meta name=\"robots\" content=\"index, follow, max-snippet:-1, max-image-preview:large, max-video-preview:-1\" \/>\n<link rel=\"canonical\" href=\"https:\/\/portauthority-sibenik.hr\/en\/sigurnosna-zastita\/\" \/>\n<meta property=\"og:locale\" content=\"en_US\" \/>\n<meta property=\"og:type\" content=\"article\" \/>\n<meta property=\"og:title\" content=\"Sigurnosna za\u0161tita - Lu\u010dka Uprava \u0160ibenik\" \/>\n<meta property=\"og:description\" content=\"Sigurnosna za\u0161tita Upravljanje sigurnosnom za\u0161titom i opasnostima predstavlja novi pristup upravljanju sigurnosnom za\u0161titom i sigurno\u0161\u0107u na prostoru Lu\u010dke uprave \u0160ibenik. Razvijeno je pomo\u0107u \u0161irih interesa u Luci \u0160ibenik, a cilj je unaprijediti sigurnost onih koji koriste luku ili rade u luci, brodova, putnika i tereta kao i okoli\u0161a. Naro\u010dito je usredoto\u010deno na one koji utje\u010du [&hellip;]\" \/>\n<meta property=\"og:url\" content=\"https:\/\/portauthority-sibenik.hr\/en\/sigurnosna-zastita\/\" \/>\n<meta property=\"og:site_name\" content=\"Lu\u010dka Uprava \u0160ibenik\" \/>\n<meta property=\"article:modified_time\" content=\"2023-04-05T10:54:48+00:00\" \/>\n<meta name=\"twitter:card\" content=\"summary_large_image\" \/>\n<meta name=\"twitter:label1\" content=\"Est. reading time\" \/>\n\t<meta name=\"twitter:data1\" content=\"1 minute\" \/>\n<script type=\"application\/ld+json\" class=\"yoast-schema-graph\">{\"@context\":\"https:\/\/schema.org\",\"@graph\":[{\"@type\":\"WebPage\",\"@id\":\"https:\/\/portauthority-sibenik.hr\/sigurnosna-zastita\/\",\"url\":\"https:\/\/portauthority-sibenik.hr\/sigurnosna-zastita\/\",\"name\":\"Sigurnosna za\u0161tita - Lu\u010dka Uprava \u0160ibenik\",\"isPartOf\":{\"@id\":\"https:\/\/portauthority-sibenik.hr\/#website\"},\"datePublished\":\"2023-03-30T17:24:19+00:00\",\"dateModified\":\"2023-04-05T10:54:48+00:00\",\"breadcrumb\":{\"@id\":\"https:\/\/portauthority-sibenik.hr\/sigurnosna-zastita\/#breadcrumb\"},\"inLanguage\":\"en-US\",\"potentialAction\":[{\"@type\":\"ReadAction\",\"target\":[\"https:\/\/portauthority-sibenik.hr\/sigurnosna-zastita\/\"]}]},{\"@type\":\"BreadcrumbList\",\"@id\":\"https:\/\/portauthority-sibenik.hr\/sigurnosna-zastita\/#breadcrumb\",\"itemListElement\":[{\"@type\":\"ListItem\",\"position\":1,\"name\":\"Home\",\"item\":\"https:\/\/portauthority-sibenik.hr\/\"},{\"@type\":\"ListItem\",\"position\":2,\"name\":\"Sigurnosna za\u0161tita\"}]},{\"@type\":\"WebSite\",\"@id\":\"https:\/\/portauthority-sibenik.hr\/#website\",\"url\":\"https:\/\/portauthority-sibenik.hr\/\",\"name\":\"Lu\u010dka Uprava \u0160ibenik\",\"description\":\"\",\"publisher\":{\"@id\":\"https:\/\/portauthority-sibenik.hr\/#organization\"},\"potentialAction\":[{\"@type\":\"SearchAction\",\"target\":{\"@type\":\"EntryPoint\",\"urlTemplate\":\"https:\/\/portauthority-sibenik.hr\/?s={search_term_string}\"},\"query-input\":{\"@type\":\"PropertyValueSpecification\",\"valueRequired\":true,\"valueName\":\"search_term_string\"}}],\"inLanguage\":\"en-US\"},{\"@type\":\"Organization\",\"@id\":\"https:\/\/portauthority-sibenik.hr\/#organization\",\"name\":\"Lu\u010dka Uprava \u0160ibenik\",\"url\":\"https:\/\/portauthority-sibenik.hr\/\",\"logo\":{\"@type\":\"ImageObject\",\"inLanguage\":\"en-US\",\"@id\":\"https:\/\/portauthority-sibenik.hr\/#\/schema\/logo\/image\/\",\"url\":\"https:\/\/portauthority-sibenik.hr\/wp-content\/uploads\/2023\/05\/LogoPNG-24-blue.png\",\"contentUrl\":\"https:\/\/portauthority-sibenik.hr\/wp-content\/uploads\/2023\/05\/LogoPNG-24-blue.png\",\"width\":300,\"height\":296,\"caption\":\"Lu\u010dka Uprava \u0160ibenik\"},\"image\":{\"@id\":\"https:\/\/portauthority-sibenik.hr\/#\/schema\/logo\/image\/\"}}]}<\/script>\n<!-- \/ Yoast SEO plugin. -->","yoast_head_json":{"title":"Sigurnosna za\u0161tita - Lu\u010dka Uprava \u0160ibenik","robots":{"index":"index","follow":"follow","max-snippet":"max-snippet:-1","max-image-preview":"max-image-preview:large","max-video-preview":"max-video-preview:-1"},"canonical":"https:\/\/portauthority-sibenik.hr\/en\/sigurnosna-zastita\/","og_locale":"en_US","og_type":"article","og_title":"Sigurnosna za\u0161tita - Lu\u010dka Uprava \u0160ibenik","og_description":"Sigurnosna za\u0161tita Upravljanje sigurnosnom za\u0161titom i opasnostima predstavlja novi pristup upravljanju sigurnosnom za\u0161titom i sigurno\u0161\u0107u na prostoru Lu\u010dke uprave \u0160ibenik. Razvijeno je pomo\u0107u \u0161irih interesa u Luci \u0160ibenik, a cilj je unaprijediti sigurnost onih koji koriste luku ili rade u luci, brodova, putnika i tereta kao i okoli\u0161a. Naro\u010dito je usredoto\u010deno na one koji utje\u010du [&hellip;]","og_url":"https:\/\/portauthority-sibenik.hr\/en\/sigurnosna-zastita\/","og_site_name":"Lu\u010dka Uprava \u0160ibenik","article_modified_time":"2023-04-05T10:54:48+00:00","twitter_card":"summary_large_image","twitter_misc":{"Est. reading time":"1 minute"},"schema":{"@context":"https:\/\/schema.org","@graph":[{"@type":"WebPage","@id":"https:\/\/portauthority-sibenik.hr\/sigurnosna-zastita\/","url":"https:\/\/portauthority-sibenik.hr\/sigurnosna-zastita\/","name":"Sigurnosna za\u0161tita - Lu\u010dka Uprava \u0160ibenik","isPartOf":{"@id":"https:\/\/portauthority-sibenik.hr\/#website"},"datePublished":"2023-03-30T17:24:19+00:00","dateModified":"2023-04-05T10:54:48+00:00","breadcrumb":{"@id":"https:\/\/portauthority-sibenik.hr\/sigurnosna-zastita\/#breadcrumb"},"inLanguage":"en-US","potentialAction":[{"@type":"ReadAction","target":["https:\/\/portauthority-sibenik.hr\/sigurnosna-zastita\/"]}]},{"@type":"BreadcrumbList","@id":"https:\/\/portauthority-sibenik.hr\/sigurnosna-zastita\/#breadcrumb","itemListElement":[{"@type":"ListItem","position":1,"name":"Home","item":"https:\/\/portauthority-sibenik.hr\/"},{"@type":"ListItem","position":2,"name":"Sigurnosna za\u0161tita"}]},{"@type":"WebSite","@id":"https:\/\/portauthority-sibenik.hr\/#website","url":"https:\/\/portauthority-sibenik.hr\/","name":"Lu\u010dka Uprava \u0160ibenik","description":"","publisher":{"@id":"https:\/\/portauthority-sibenik.hr\/#organization"},"potentialAction":[{"@type":"SearchAction","target":{"@type":"EntryPoint","urlTemplate":"https:\/\/portauthority-sibenik.hr\/?s={search_term_string}"},"query-input":{"@type":"PropertyValueSpecification","valueRequired":true,"valueName":"search_term_string"}}],"inLanguage":"en-US"},{"@type":"Organization","@id":"https:\/\/portauthority-sibenik.hr\/#organization","name":"Lu\u010dka Uprava \u0160ibenik","url":"https:\/\/portauthority-sibenik.hr\/","logo":{"@type":"ImageObject","inLanguage":"en-US","@id":"https:\/\/portauthority-sibenik.hr\/#\/schema\/logo\/image\/","url":"https:\/\/portauthority-sibenik.hr\/wp-content\/uploads\/2023\/05\/LogoPNG-24-blue.png","contentUrl":"https:\/\/portauthority-sibenik.hr\/wp-content\/uploads\/2023\/05\/LogoPNG-24-blue.png","width":300,"height":296,"caption":"Lu\u010dka Uprava \u0160ibenik"},"image":{"@id":"https:\/\/portauthority-sibenik.hr\/#\/schema\/logo\/image\/"}}]}},"_links":{"self":[{"href":"http:\/\/portauthority-sibenik.hr\/en\/wp-json\/wp\/v2\/pages\/264","targetHints":{"allow":["GET"]}}],"collection":[{"href":"http:\/\/portauthority-sibenik.hr\/en\/wp-json\/wp\/v2\/pages"}],"about":[{"href":"http:\/\/portauthority-sibenik.hr\/en\/wp-json\/wp\/v2\/types\/page"}],"author":[{"embeddable":true,"href":"http:\/\/portauthority-sibenik.hr\/en\/wp-json\/wp\/v2\/users\/1"}],"replies":[{"embeddable":true,"href":"http:\/\/portauthority-sibenik.hr\/en\/wp-json\/wp\/v2\/comments?post=264"}],"version-history":[{"count":0,"href":"http:\/\/portauthority-sibenik.hr\/en\/wp-json\/wp\/v2\/pages\/264\/revisions"}],"wp:attachment":[{"href":"http:\/\/portauthority-sibenik.hr\/en\/wp-json\/wp\/v2\/media?parent=264"}],"curies":[{"name":"wp","href":"https:\/\/api.w.org\/{rel}","templated":true}]}}