{"id":1372,"date":"2023-04-04T20:17:49","date_gmt":"2023-04-04T18:17:49","guid":{"rendered":"http:\/\/localhost\/lucka-uprava\/?page_id=1372"},"modified":"2026-02-17T13:46:55","modified_gmt":"2026-02-17T12:46:55","slug":"projekt-framesport","status":"publish","type":"page","link":"https:\/\/portauthority-sibenik.hr\/en\/projekt-framesport\/","title":{"rendered":"Projekt Framesport"},"content":{"rendered":"<div data-elementor-type=\"wp-page\" data-elementor-id=\"1372\" class=\"elementor elementor-1372\" data-elementor-post-type=\"page\">\n\t\t\t\t<div class=\"elementor-element elementor-element-2d415ba3 e-con-full e-flex e-con e-parent\" data-id=\"2d415ba3\" data-element_type=\"container\" data-e-type=\"container\" data-settings=\"{&quot;background_background&quot;:&quot;classic&quot;}\">\n\t\t\t\t<\/div>\n\t\t<div class=\"elementor-element elementor-element-6a995b07 e-con-full e-flex e-con e-parent\" data-id=\"6a995b07\" data-element_type=\"container\" data-e-type=\"container\" data-settings=\"{&quot;background_background&quot;:&quot;classic&quot;}\">\n\t\t\t\t<div class=\"elementor-element elementor-element-3fd48643 elementor-widget elementor-widget-heading\" data-id=\"3fd48643\" data-element_type=\"widget\" data-e-type=\"widget\" data-widget_type=\"heading.default\">\n\t\t\t\t<div class=\"elementor-widget-container\">\n\t\t\t\t\t<h2 class=\"elementor-heading-title elementor-size-default\">FRAMESPORT<\/h2>\t\t\t\t<\/div>\n\t\t\t\t<\/div>\n\t\t\t\t<div class=\"elementor-element elementor-element-2bd866e2 elementor-align-center elementor-widget elementor-widget-breadcrumbs\" data-id=\"2bd866e2\" data-element_type=\"widget\" data-e-type=\"widget\" data-widget_type=\"breadcrumbs.default\">\n\t\t\t\t<div class=\"elementor-widget-container\">\n\t\t\t\t\t<p id=\"breadcrumbs\"><span><span><a href=\"https:\/\/portauthority-sibenik.hr\/en\/\">Home<\/a><\/span><\/span><\/p>\t\t\t\t<\/div>\n\t\t\t\t<\/div>\n\t\t\t\t<\/div>\n\t\t<div class=\"elementor-element elementor-element-5cefe302 e-flex e-con-boxed e-con e-parent\" data-id=\"5cefe302\" data-element_type=\"container\" data-e-type=\"container\">\n\t\t\t\t\t<div class=\"e-con-inner\">\n\t\t<div class=\"elementor-element elementor-element-16e40a46 e-flex e-con-boxed e-con e-child\" data-id=\"16e40a46\" data-element_type=\"container\" data-e-type=\"container\">\n\t\t\t\t\t<div class=\"e-con-inner\">\n\t\t\t\t<div class=\"elementor-element elementor-element-46391fdc elementor-widget elementor-widget-text-editor\" data-id=\"46391fdc\" data-element_type=\"widget\" data-e-type=\"widget\" data-widget_type=\"text-editor.default\">\n\t\t\t\t<div class=\"elementor-widget-container\">\n\t\t\t\t\t\t\t\t\t<p><strong>ACRONYM AND PROJECT NAME:<\/strong> FRAMESPORT \u2013 Framework Initiative Fostering the Sustainable Development of Adriatic Small Ports<\/p><p><strong>PROGRAM:<\/strong> INTERREG V-A Italija-Hrvatska 2014.-2020.<br \/><strong>Thematic area:<\/strong> Pomorski prijevoz \u2013 pomorske usluge<br \/><strong>Project ID:<\/strong> 10253074<br \/><strong>Project duration:<\/strong> 1. 1. 2020. \u2013 31. 12. 2022.<br \/><strong>Total project budget:<\/strong> \u20ac 7.138.832,90<br \/><strong>Prora\u010dun projekta za PP 10 \u2013 Lu\u010dku upravu \u0160ibenik:<\/strong> \u20ac 337.925,00<br \/>Dana 15. srpnja 2020.g odr\u017ean je Kick-off sastanak projekta.<\/p>\t\t\t\t\t\t\t\t<\/div>\n\t\t\t\t<\/div>\n\t\t\t\t<div class=\"elementor-element elementor-element-6f9fb747 elementor-widget elementor-widget-heading\" data-id=\"6f9fb747\" data-element_type=\"widget\" data-e-type=\"widget\" data-widget_type=\"heading.default\">\n\t\t\t\t<div class=\"elementor-widget-container\">\n\t\t\t\t\t<h2 class=\"elementor-heading-title elementor-size-default\">Summary and objective of the project<\/h2>\t\t\t\t<\/div>\n\t\t\t\t<\/div>\n\t\t\t\t<div class=\"elementor-element elementor-element-6bbbf5b1 elementor-widget elementor-widget-text-editor\" data-id=\"6bbbf5b1\" data-element_type=\"widget\" data-e-type=\"widget\" data-widget_type=\"text-editor.default\">\n\t\t\t\t<div class=\"elementor-widget-container\">\n\t\t\t\t\t\t\t\t\t<p>The project aims to lay the foundations for integrated and sustainable development of smaller ports, enabling them to become proactive socio-economic development drivers on the Adriatic coasts.<\/p><p>Takav strate\u0161ki cilj zahtijeva vi\u0161estruki pristup, koji uklju\u010duje i provedbu konkretnih pilot aktivnosti, kao i identifikaciju prioritetnih tema koje \u0107e se promicati u okviru cjelokupne strategije. Prioriteti \u0107e se individualizirati pristupom \u201eodozdo prema gore\u201c podrazumijevaju\u0107i aktivno sudjelovanje lokalnih i nacionalnih dionika. Projektni partneri \u0107e se baviti pitanjima planiranja i upravljanja, primjenom poslovnih modela, pobolj\u0161anjem obuke i kompetencija, kao i razvijanjem IKT alata i usluga, podr\u017eavaju\u0107i na taj na\u010din u\u010dinkovit razvoj malih luka na cijelom IT-HR podru\u010dju. Nadalje, prilago\u0111ena IKT platforma prikupljat \u0107e i sistematizirati kljucne podatke o malim lukama koje \u0107e se dijeliti kao polazi\u0161te svakog daljnjeg razvoja.<br \/>\u0160ibenska Lu\u010dka uprava je planirala pilot aktivnosti kojima je cilj pobolj\u0161anje sigurnost plovidbe i smanjenje one\u010di\u0161\u0107enja. Projekt se sastoji od dva elementa:<\/p><ol><li>Studija o alternativnim na\u010dinima priveza za brodove (ro-ro i cruiseri) i opskrbi elektri\u010dnom energijom ro-ro brodova: Izradit \u0107e se studija koja \u0107e definirati mogu\u0107nosti primjene alternativnih metoda priveza za brodove kako bi se pove\u0107ala razina operativnosti i sigurnosti u \u0161ibenskoj luci. Nadalje, studija \u0107e analizirati i opisati mogu\u0107nosti uvo\u0111enja ro-ro usluga na otoke pomo\u0107u brodova na elektri\u010dni pogon. Potrebno je analizirati mogu\u0107nosti i potrebne korake implementacije. Tehnologije i lekcije nau\u010dene iz studije, kao i izra\u017eene prednosti primjene novih tehnologija, primjenjive su u svim lukama u Hrvatskoj i Italiji i nadamo se da \u0107e postati standard na Jadranu. Budu\u0107nost je u alternativnim gorivima koja imaju manji utjecaj na okoli\u0161 i osiguravaju odr\u017eivost. Studija je prvi korak i osnova za budu\u0107a ulaganja i primjenu ovih tehnologija.<\/li><li>Prognoze mogu\u0107eg zemljopisnog \u0161irenja one\u010di\u0161\u0107enja: Lu\u010dka uprava \u0160ibenik instalirat \u0107e pluta\u010de sa senzorima i testirati informati\u010dki alat za predvi\u0111anja mogu\u0107eg zemljopisnog \u0161irenja one\u010di\u0161\u0107enja. Jadran je vrlo osjetljivo podru\u010dje i njegova za\u0161tita je prioritet svih regija. U slu\u010daju nesre\u0107e sa zaga\u0111enjem, instalirani sustav omogu\u0107it \u0107e LU \u0160ibenik predvi\u0111anje zemljopisnog \u0161irenja one\u010di\u0161\u0107enja i pravilno reagiranje iz \u010dega proizlazi korist za cijelo jadransko podru\u010dje.<\/li><\/ol>\t\t\t\t\t\t\t\t<\/div>\n\t\t\t\t<\/div>\n\t\t\t\t<div class=\"elementor-element elementor-element-67a3670 elementor-widget elementor-widget-heading\" data-id=\"67a3670\" data-element_type=\"widget\" data-e-type=\"widget\" data-widget_type=\"heading.default\">\n\t\t\t\t<div class=\"elementor-widget-container\">\n\t\t\t\t\t<h2 class=\"elementor-heading-title elementor-size-default\">Project partners:<\/h2>\t\t\t\t<\/div>\n\t\t\t\t<\/div>\n\t\t\t\t<div class=\"elementor-element elementor-element-fed0ecd elementor-widget elementor-widget-text-editor\" data-id=\"fed0ecd\" data-element_type=\"widget\" data-e-type=\"widget\" data-widget_type=\"text-editor.default\">\n\t\t\t\t<div class=\"elementor-widget-container\">\n\t\t\t\t\t\t\t\t\t<p>LP \u2014 CONSORTIUM FOR THE COORDINATION OF RESEARCH ACTIVITIES CONCERNING THE VENICE LAGOON SYSTEM<br \/>PP1 \u2014 MUNICIPALITY OF MONFALCONE<br \/>PP2 \u2014 INSTITUTE FOR TRANSPORT AND LOGISTICS FOUNDATION<br \/>PP3 \u2014 REGIONAL STRATEGIC AGENCY FOR THE ECO-SUSTAINABLE DEVELOPMENT OF THE TERRITORY \u2014 APULIA REGION<br \/>PP4 \u2014 SVILUPPO MARCHE SRL \u2014 SVIM MARCHE SRL<br \/>PPS \u2014 REGIONAL AGENCY FOR PRODUCTIVE ACTIVITIES<br \/>PP6 \u2014 AUTONOMOUS AGENCY FOR HOSPITALITY AND TOURISM OF TERMOLI<br \/>PP7 \u2014 LUCKA UPRAVA UMAG \u2014 NOVIGRAD<br \/>PP8 \u2014 PRIMORSKO-GORANSKA \u017dUPANIJA<br \/>PP9 \u2014 \u017dUPANIJSKA LUCKA UPRAVA ZADAR<br \/>PP10 \u2014 LUCKA UPRAVA \u0160IBENIK<br \/>PP11\u2014 SVEUCILI\u0160TE U RIJECI, POMORSKI FAKULTET U RIJECI<br \/>PP12 \u2014 LOGOTEAM D.O.O.<br \/>PP13 \u2014 EURO-MEDITERRANEAN CENTER ON CLIMATE CHANGE FOUNDATION<br \/>PP14 \u2014 LUCKA UPRAVA SENJ<br \/>PP15 \u2014 MINISTARSTVO MORA, PROMETA I INFRASTRUKTURE, UPRAVA POMORSTVA<br \/>PP17 \u2014 MARCHE REGION<br \/>PP18 \u2014 MUNICIPALITY OF GABICCE MARE<br \/>PP19\u2014 MUNICIPALITY OF NUMANA<br \/>PP20 \u2014 MUNICIPALITY OF TERMOLI<br \/>PP21\u2014 MUNICIPALITY OF CAMPOMARINO<br \/>PP22 \u2014 MUNICIPALITY OF MONTENERO DI BISACCIA<br \/>PP23 \u2014 GUIDOTTI SHIPS S.R.L.<br \/>PP24 \u2014 MARINUCCI YACHTING CLUB S.R.L.<br \/>PP25 \u2014 AUTONOMOUS REGION OF FRIULI VENEZIA GIULIA<br \/>PP26 \u2014 VENETO REGION, DEPARTMENT FOR PUBLIC WORKS, CONSTRUCTIONS AND LOGISTICS<br \/>PP27 \u2014 RIMINI MUNICIPALITY<br \/>PP28 \u2014 EMILIA-ROMAGNA REGION<\/p>\t\t\t\t\t\t\t\t<\/div>\n\t\t\t\t<\/div>\n\t\t\t\t<div class=\"elementor-element elementor-element-7832409 elementor-widget elementor-widget-text-editor\" data-id=\"7832409\" data-element_type=\"widget\" data-e-type=\"widget\" data-widget_type=\"text-editor.default\">\n\t\t\t\t<div class=\"elementor-widget-container\">\n\t\t\t\t\t\t\t\t\t<p>Vi\u0161e o Programu prekograni\u010dne suradnje Italija \u2013 Hrvatska (Interreg Italy \u2013 Croatia) i projektu Framesport, mo\u017eete potra\u017eiti na <a href=\"https:\/\/www.italy-croatia.eu\/web\/framesport\" target=\"_blank\" rel=\"noopener\">https:\/\/www.italy-croatia.eu\/web\/framesport<\/a>.<\/p><ul><li>Facebook stranica projekta: <a href=\"https:\/\/web.facebook.com\/framesportinterregitalycroatia\/?locale=hr_HR&amp;_rdc=1&amp;_rdr#\" target=\"_blank\" rel=\"noopener\">https:\/\/web.facebook.com\/framesportinterregitalycroatia\/?locale=hr_HR&amp;_rdc=1&amp;_rdr#<\/a><\/li><li>Linkedin stranica projekta: <a href=\"https:\/\/www.linkedin.com\/company\/framesport-interreg-italy-croatia\/\" target=\"_blank\" rel=\"noopener\">https:\/\/www.linkedin.com\/company\/framesport-interreg-italy-croatia\/<\/a><\/li><\/ul>\t\t\t\t\t\t\t\t<\/div>\n\t\t\t\t<\/div>\n\t\t\t\t\t<\/div>\n\t\t\t\t<\/div>\n\t\t\t\t\t<\/div>\n\t\t\t\t<\/div>\n\t\t\t\t<\/div>","protected":false},"excerpt":{"rendered":"<p>FRAMESPORT AKRONIM I NAZIV PROJEKTA: FRAMESPORT \u2013 Framework Initiative Fostering the Sustainable Development of Adriatic Small Ports PROGRAM FINANCIRANJA: INTERREG V-A Italija-Hrvatska 2014.-2020.Tematsko podru\u010dje: Pomorski prijevoz \u2013 pomorske uslugeProjekt ID: 10253074Trajanje projekta: 1. 1. 2020. \u2013 31. 12. 2022.Ukupni prora\u010dun projekta: \u20ac 7.138.832,90Prora\u010dun projekta za PP 10 \u2013 Lu\u010dku upravu \u0160ibenik: \u20ac 337.925,00Dana 15. srpnja [&hellip;]<\/p>\n","protected":false},"author":1,"featured_media":0,"parent":0,"menu_order":0,"comment_status":"closed","ping_status":"closed","template":"elementor_header_footer","meta":{"footnotes":""},"class_list":["post-1372","page","type-page","status-publish","hentry"],"yoast_head":"<!-- This site is optimized with the Yoast SEO plugin v27.5 - https:\/\/yoast.com\/product\/yoast-seo-wordpress\/ -->\n<title>Projekt Framesport - Lu\u010dka Uprava \u0160ibenik<\/title>\n<meta name=\"robots\" content=\"index, follow, max-snippet:-1, max-image-preview:large, max-video-preview:-1\" \/>\n<link rel=\"canonical\" href=\"https:\/\/portauthority-sibenik.hr\/en\/projekt-framesport\/\" \/>\n<meta property=\"og:locale\" content=\"en_US\" \/>\n<meta property=\"og:type\" content=\"article\" \/>\n<meta property=\"og:title\" content=\"Projekt Framesport - Lu\u010dka Uprava \u0160ibenik\" \/>\n<meta property=\"og:description\" content=\"FRAMESPORT AKRONIM I NAZIV PROJEKTA: FRAMESPORT \u2013 Framework Initiative Fostering the Sustainable Development of Adriatic Small Ports PROGRAM FINANCIRANJA: INTERREG V-A Italija-Hrvatska 2014.-2020.Tematsko podru\u010dje: Pomorski prijevoz \u2013 pomorske uslugeProjekt ID: 10253074Trajanje projekta: 1. 1. 2020. \u2013 31. 12. 2022.Ukupni prora\u010dun projekta: \u20ac 7.138.832,90Prora\u010dun projekta za PP 10 \u2013 Lu\u010dku upravu \u0160ibenik: \u20ac 337.925,00Dana 15. srpnja [&hellip;]\" \/>\n<meta property=\"og:url\" content=\"https:\/\/portauthority-sibenik.hr\/en\/projekt-framesport\/\" \/>\n<meta property=\"og:site_name\" content=\"Lu\u010dka Uprava \u0160ibenik\" \/>\n<meta property=\"article:modified_time\" content=\"2026-02-17T12:46:55+00:00\" \/>\n<meta name=\"twitter:card\" content=\"summary_large_image\" \/>\n<meta name=\"twitter:label1\" content=\"Est. reading time\" \/>\n\t<meta name=\"twitter:data1\" content=\"3 minutes\" \/>\n<script type=\"application\/ld+json\" class=\"yoast-schema-graph\">{\"@context\":\"https:\\\/\\\/schema.org\",\"@graph\":[{\"@type\":\"WebPage\",\"@id\":\"https:\\\/\\\/portauthority-sibenik.hr\\\/projekt-framesport\\\/\",\"url\":\"https:\\\/\\\/portauthority-sibenik.hr\\\/projekt-framesport\\\/\",\"name\":\"Projekt Framesport - Lu\u010dka Uprava \u0160ibenik\",\"isPartOf\":{\"@id\":\"https:\\\/\\\/portauthority-sibenik.hr\\\/#website\"},\"datePublished\":\"2023-04-04T18:17:49+00:00\",\"dateModified\":\"2026-02-17T12:46:55+00:00\",\"breadcrumb\":{\"@id\":\"https:\\\/\\\/portauthority-sibenik.hr\\\/projekt-framesport\\\/#breadcrumb\"},\"inLanguage\":\"en-US\",\"potentialAction\":[{\"@type\":\"ReadAction\",\"target\":[\"https:\\\/\\\/portauthority-sibenik.hr\\\/projekt-framesport\\\/\"]}]},{\"@type\":\"BreadcrumbList\",\"@id\":\"https:\\\/\\\/portauthority-sibenik.hr\\\/projekt-framesport\\\/#breadcrumb\",\"itemListElement\":[{\"@type\":\"ListItem\",\"position\":1,\"name\":\"Home\",\"item\":\"https:\\\/\\\/portauthority-sibenik.hr\\\/\"},{\"@type\":\"ListItem\",\"position\":2,\"name\":\"Projekt Framesport\"}]},{\"@type\":\"WebSite\",\"@id\":\"https:\\\/\\\/portauthority-sibenik.hr\\\/#website\",\"url\":\"https:\\\/\\\/portauthority-sibenik.hr\\\/\",\"name\":\"Lu\u010dka Uprava \u0160ibenik\",\"description\":\"\",\"publisher\":{\"@id\":\"https:\\\/\\\/portauthority-sibenik.hr\\\/#organization\"},\"potentialAction\":[{\"@type\":\"SearchAction\",\"target\":{\"@type\":\"EntryPoint\",\"urlTemplate\":\"https:\\\/\\\/portauthority-sibenik.hr\\\/?s={search_term_string}\"},\"query-input\":{\"@type\":\"PropertyValueSpecification\",\"valueRequired\":true,\"valueName\":\"search_term_string\"}}],\"inLanguage\":\"en-US\"},{\"@type\":\"Organization\",\"@id\":\"https:\\\/\\\/portauthority-sibenik.hr\\\/#organization\",\"name\":\"Lu\u010dka Uprava \u0160ibenik\",\"url\":\"https:\\\/\\\/portauthority-sibenik.hr\\\/\",\"logo\":{\"@type\":\"ImageObject\",\"inLanguage\":\"en-US\",\"@id\":\"https:\\\/\\\/portauthority-sibenik.hr\\\/#\\\/schema\\\/logo\\\/image\\\/\",\"url\":\"https:\\\/\\\/portauthority-sibenik.hr\\\/wp-content\\\/uploads\\\/2023\\\/05\\\/LogoPNG-24-blue.png\",\"contentUrl\":\"https:\\\/\\\/portauthority-sibenik.hr\\\/wp-content\\\/uploads\\\/2023\\\/05\\\/LogoPNG-24-blue.png\",\"width\":300,\"height\":296,\"caption\":\"Lu\u010dka Uprava \u0160ibenik\"},\"image\":{\"@id\":\"https:\\\/\\\/portauthority-sibenik.hr\\\/#\\\/schema\\\/logo\\\/image\\\/\"}}]}<\/script>\n<!-- \/ Yoast SEO plugin. -->","yoast_head_json":{"title":"Projekt Framesport - Lu\u010dka Uprava \u0160ibenik","robots":{"index":"index","follow":"follow","max-snippet":"max-snippet:-1","max-image-preview":"max-image-preview:large","max-video-preview":"max-video-preview:-1"},"canonical":"https:\/\/portauthority-sibenik.hr\/en\/projekt-framesport\/","og_locale":"en_US","og_type":"article","og_title":"Projekt Framesport - Lu\u010dka Uprava \u0160ibenik","og_description":"FRAMESPORT AKRONIM I NAZIV PROJEKTA: FRAMESPORT \u2013 Framework Initiative Fostering the Sustainable Development of Adriatic Small Ports PROGRAM FINANCIRANJA: INTERREG V-A Italija-Hrvatska 2014.-2020.Tematsko podru\u010dje: Pomorski prijevoz \u2013 pomorske uslugeProjekt ID: 10253074Trajanje projekta: 1. 1. 2020. \u2013 31. 12. 2022.Ukupni prora\u010dun projekta: \u20ac 7.138.832,90Prora\u010dun projekta za PP 10 \u2013 Lu\u010dku upravu \u0160ibenik: \u20ac 337.925,00Dana 15. srpnja [&hellip;]","og_url":"https:\/\/portauthority-sibenik.hr\/en\/projekt-framesport\/","og_site_name":"Lu\u010dka Uprava \u0160ibenik","article_modified_time":"2026-02-17T12:46:55+00:00","twitter_card":"summary_large_image","twitter_misc":{"Est. reading time":"3 minutes"},"schema":{"@context":"https:\/\/schema.org","@graph":[{"@type":"WebPage","@id":"https:\/\/portauthority-sibenik.hr\/projekt-framesport\/","url":"https:\/\/portauthority-sibenik.hr\/projekt-framesport\/","name":"Projekt Framesport - Lu\u010dka Uprava \u0160ibenik","isPartOf":{"@id":"https:\/\/portauthority-sibenik.hr\/#website"},"datePublished":"2023-04-04T18:17:49+00:00","dateModified":"2026-02-17T12:46:55+00:00","breadcrumb":{"@id":"https:\/\/portauthority-sibenik.hr\/projekt-framesport\/#breadcrumb"},"inLanguage":"en-US","potentialAction":[{"@type":"ReadAction","target":["https:\/\/portauthority-sibenik.hr\/projekt-framesport\/"]}]},{"@type":"BreadcrumbList","@id":"https:\/\/portauthority-sibenik.hr\/projekt-framesport\/#breadcrumb","itemListElement":[{"@type":"ListItem","position":1,"name":"Home","item":"https:\/\/portauthority-sibenik.hr\/"},{"@type":"ListItem","position":2,"name":"Projekt Framesport"}]},{"@type":"WebSite","@id":"https:\/\/portauthority-sibenik.hr\/#website","url":"https:\/\/portauthority-sibenik.hr\/","name":"Lu\u010dka Uprava \u0160ibenik","description":"","publisher":{"@id":"https:\/\/portauthority-sibenik.hr\/#organization"},"potentialAction":[{"@type":"SearchAction","target":{"@type":"EntryPoint","urlTemplate":"https:\/\/portauthority-sibenik.hr\/?s={search_term_string}"},"query-input":{"@type":"PropertyValueSpecification","valueRequired":true,"valueName":"search_term_string"}}],"inLanguage":"en-US"},{"@type":"Organization","@id":"https:\/\/portauthority-sibenik.hr\/#organization","name":"Lu\u010dka Uprava \u0160ibenik","url":"https:\/\/portauthority-sibenik.hr\/","logo":{"@type":"ImageObject","inLanguage":"en-US","@id":"https:\/\/portauthority-sibenik.hr\/#\/schema\/logo\/image\/","url":"https:\/\/portauthority-sibenik.hr\/wp-content\/uploads\/2023\/05\/LogoPNG-24-blue.png","contentUrl":"https:\/\/portauthority-sibenik.hr\/wp-content\/uploads\/2023\/05\/LogoPNG-24-blue.png","width":300,"height":296,"caption":"Lu\u010dka Uprava \u0160ibenik"},"image":{"@id":"https:\/\/portauthority-sibenik.hr\/#\/schema\/logo\/image\/"}}]}},"_links":{"self":[{"href":"https:\/\/portauthority-sibenik.hr\/en\/wp-json\/wp\/v2\/pages\/1372","targetHints":{"allow":["GET"]}}],"collection":[{"href":"https:\/\/portauthority-sibenik.hr\/en\/wp-json\/wp\/v2\/pages"}],"about":[{"href":"https:\/\/portauthority-sibenik.hr\/en\/wp-json\/wp\/v2\/types\/page"}],"author":[{"embeddable":true,"href":"https:\/\/portauthority-sibenik.hr\/en\/wp-json\/wp\/v2\/users\/1"}],"replies":[{"embeddable":true,"href":"https:\/\/portauthority-sibenik.hr\/en\/wp-json\/wp\/v2\/comments?post=1372"}],"version-history":[{"count":5,"href":"https:\/\/portauthority-sibenik.hr\/en\/wp-json\/wp\/v2\/pages\/1372\/revisions"}],"predecessor-version":[{"id":3474,"href":"https:\/\/portauthority-sibenik.hr\/en\/wp-json\/wp\/v2\/pages\/1372\/revisions\/3474"}],"wp:attachment":[{"href":"https:\/\/portauthority-sibenik.hr\/en\/wp-json\/wp\/v2\/media?parent=1372"}],"curies":[{"name":"wp","href":"https:\/\/api.w.org\/{rel}","templated":true}]}}