{"id":1374,"date":"2023-04-04T20:18:13","date_gmt":"2023-04-04T18:18:13","guid":{"rendered":"http:\/\/localhost\/lucka-uprava\/?page_id=1374"},"modified":"2023-05-03T12:38:32","modified_gmt":"2023-05-03T10:38:32","slug":"projekt-diglogs","status":"publish","type":"page","link":"https:\/\/portauthority-sibenik.hr\/en\/projekt-diglogs\/","title":{"rendered":"Projekt Diglogs"},"content":{"rendered":"<div data-elementor-type=\"wp-page\" data-elementor-id=\"1374\" class=\"elementor elementor-1374\" data-elementor-post-type=\"page\">\n\t\t\t\t<div class=\"elementor-element elementor-element-12c54992 e-con-full e-flex e-con e-parent\" data-id=\"12c54992\" data-element_type=\"container\" data-e-type=\"container\" data-settings=\"{&quot;background_background&quot;:&quot;classic&quot;}\">\n\t\t\t\t<\/div>\n\t\t<div class=\"elementor-element elementor-element-75554a3f e-con-full e-flex e-con e-parent\" data-id=\"75554a3f\" data-element_type=\"container\" data-e-type=\"container\" data-settings=\"{&quot;background_background&quot;:&quot;classic&quot;}\">\n\t\t\t\t<div class=\"elementor-element elementor-element-1b2bf940 elementor-widget elementor-widget-heading\" data-id=\"1b2bf940\" data-element_type=\"widget\" data-e-type=\"widget\" data-widget_type=\"heading.default\">\n\t\t\t\t<div class=\"elementor-widget-container\">\n\t\t\t\t\t<h2 class=\"elementor-heading-title elementor-size-default\">DIGLOGS<\/h2>\t\t\t\t<\/div>\n\t\t\t\t<\/div>\n\t\t\t\t<div class=\"elementor-element elementor-element-6010f617 elementor-align-center elementor-widget elementor-widget-breadcrumbs\" data-id=\"6010f617\" data-element_type=\"widget\" data-e-type=\"widget\" data-widget_type=\"breadcrumbs.default\">\n\t\t\t\t<div class=\"elementor-widget-container\">\n\t\t\t\t\t<p id=\"breadcrumbs\"><span><span><a href=\"https:\/\/portauthority-sibenik.hr\/en\/\">Home<\/a><\/span><\/span><\/p>\t\t\t\t<\/div>\n\t\t\t\t<\/div>\n\t\t\t\t<\/div>\n\t\t<div class=\"elementor-element elementor-element-5b93d1a2 e-flex e-con-boxed e-con e-parent\" data-id=\"5b93d1a2\" data-element_type=\"container\" data-e-type=\"container\">\n\t\t\t\t\t<div class=\"e-con-inner\">\n\t\t\t\t<div class=\"elementor-element elementor-element-516ad349 elementor-widget elementor-widget-text-editor\" data-id=\"516ad349\" data-element_type=\"widget\" data-e-type=\"widget\" data-widget_type=\"text-editor.default\">\n\t\t\t\t<div class=\"elementor-widget-container\">\n\t\t\t\t\t\t\t\t\t<p>Lu\u010dka uprava \u0160ibenik je jedan od partnera u projektu DigLogs koji je zapo\u010deo 01. sije\u010dnja 2019. i trajat \u0107e do 30. lipnja 2021. Vrijednost projekta je 2.555.427,50 EUR i bit \u0107e financiran putem EU fondova iz Programa prekograni\u010dne suradnje Interreg Italija \u2013 Hrvatska.<\/p><p>Projektno partnerstvo je pod vodstvom Pomorskog fakulteta u Rijeci okupilo razli\u010dite dionike programskog podru\u010dja: privatni, javni i istra\u017eiva\u010dki sektor: Elevante Trading &amp; Consulting S.R.L., Unione Regionale Camere I.A.A. Del Veneto, North Adriatic Sea Port Authority \u2013 Ports Of Venice And Chioggia, University Of Trieste, Actual I.T., Cluster For Innovation In Logistics And Transport System, Lu\u010dka uprava Rijeka, Lu\u010dka uprava \u0160ibenik i Lu\u010dka uprava Rovinj.<\/p><p>Glavni cilj projekta DigLogs je osigurati zna\u010dajan razvoj prekograni\u010dne suradnje izme\u0111u dvije zemlje: Hrvatske i Italije kroz uklanjanje postoje\u0107ih ograni\u010denja u informacijskim sustavima koji podr\u017eavaju prometni sektor te stvaranje sinergije za izgradnju \u010dvrste mre\u017ee omogu\u0107avanjem integracije razli\u010ditih IT alata koji bi pomogli u postupku nesmetanog dono\u0161enja odluka. Zna\u010dajna je i sinergija projekta s prethodnim i teku\u0107im projektima TEN-T prometne mre\u017ee.<\/p><p>Stru\u010dnost projektnih partnera osigurava postizanje ciljeva i o\u010dekivane rezultate projekta u smislu istra\u017eivanja i uspostavljanja ve\u0107ine naprednih digitaliziranih logisti\u010dkih procesa za multimodalni teretni prijevoz i putni\u010dke usluge u programskom podru\u010dju.<\/p>\t\t\t\t\t\t\t\t<\/div>\n\t\t\t\t<\/div>\n\t\t\t\t<div class=\"elementor-element elementor-element-24a4a2f4 elementor-widget elementor-widget-heading\" data-id=\"24a4a2f4\" data-element_type=\"widget\" data-e-type=\"widget\" data-widget_type=\"heading.default\">\n\t\t\t\t<div class=\"elementor-widget-container\">\n\t\t\t\t\t<h2 class=\"elementor-heading-title elementor-size-default\">Projekt predvi\u0111a sljede\u0107e aktivnosti:<\/h2>\t\t\t\t<\/div>\n\t\t\t\t<\/div>\n\t\t\t\t<div class=\"elementor-element elementor-element-2f01565f elementor-widget elementor-widget-text-editor\" data-id=\"2f01565f\" data-element_type=\"widget\" data-e-type=\"widget\" data-widget_type=\"text-editor.default\">\n\t\t\t\t<div class=\"elementor-widget-container\">\n\t\t\t\t\t\t\t\t\t<ol><li>Analiza utjecaja glavnih inovacija s fokusom na trend digitalizacije procesa te upravljanje podacima za mobilnost tereta i putnika<\/li><li>Planovi implementacije temeljeni na glavnim inovacijama koje utje\u010du na podru\u010dje u sljede\u0107ih 5 godina i na najatraktivnijim rje\u0161enjima digitalizacije koja se mogu izravno prenositi u podru\u010dju HR-ITA<\/li><li>Definiranje koraka koje treba poduzeti za implementaciju inovativnih rje\u0161enja iz perspektive tr\u017ei\u0161ta<\/li><li>Na sedam pilot aktivnosti fokusiranih na teret, putnike i kombinirane implementacije testirati stvarna rje\u0161enja u privatnom i javnom sektoru<\/li><li>Plan prijenosa kako bi rezultati bili razumljivi budu\u0107im dionicima u Programskom podru\u010dju<\/li><li>Akcijski plan za prikupljanje najrelevantnijih iskustava i rezultata te isporuka svih mjera koje treba poduzeti kako bi se podr\u017eao proces digitalizacije u Programskom podru\u010dju nakon zatvaranje projekta<\/li><\/ol>\t\t\t\t\t\t\t\t<\/div>\n\t\t\t\t<\/div>\n\t\t\t\t<div class=\"elementor-element elementor-element-74c80e0 elementor-widget elementor-widget-toggle\" data-id=\"74c80e0\" data-element_type=\"widget\" data-e-type=\"widget\" data-widget_type=\"toggle.default\">\n\t\t\t\t<div class=\"elementor-widget-container\">\n\t\t\t\t\t\t\t<div class=\"elementor-toggle\">\n\t\t\t\t\t\t\t<div class=\"elementor-toggle-item\">\n\t\t\t\t\t<div id=\"elementor-tab-title-1221\" class=\"elementor-tab-title\" data-tab=\"1\" role=\"button\" aria-controls=\"elementor-tab-content-1221\" aria-expanded=\"false\">\n\t\t\t\t\t\t\t\t\t\t\t\t<span class=\"elementor-toggle-icon elementor-toggle-icon-left\" aria-hidden=\"true\">\n\t\t\t\t\t\t\t\t\t\t\t\t\t\t\t<span class=\"elementor-toggle-icon-closed\"><i class=\"fas fa-caret-right\"><\/i><\/span>\n\t\t\t\t\t\t\t\t<span class=\"elementor-toggle-icon-opened\"><i class=\"elementor-toggle-icon-opened fas fa-caret-up\"><\/i><\/span>\n\t\t\t\t\t\t\t\t\t\t\t\t\t<\/span>\n\t\t\t\t\t\t\t\t\t\t\t\t<a class=\"elementor-toggle-title\" tabindex=\"0\">More detailed information about the pilot project<\/a>\n\t\t\t\t\t<\/div>\n\n\t\t\t\t\t<div id=\"elementor-tab-content-1221\" class=\"elementor-tab-content elementor-clearfix\" data-tab=\"1\" role=\"region\" aria-labelledby=\"elementor-tab-title-1221\"><h5>INTERREG V-A - ITALY-CROATIA PROJECT DIGLOGS - DIGITALIZATION OF LOGISTICS PROCESSES<\/h5>\n<\/br>\nActivity description\n<\/br>\n<\/br>\nThe implementation of the activities started in 2019. The project value is 2,555,427.50 EUR and it is funded through EU funds from the Interreg Italy-Croatia Cross-border Cooperation Program. The Port Authority of \u0160ibenik has been granted 229,500.00 EUR of the total amount.\n<\/br>\n<\/br>\nThe DigLogs project involves the cooperation of Croatia and Italy, and it is implemented with the aim of developing the necessary concepts, technological solutions, models, and plans for establishing advanced digitalized logistic processes in multimodal freight and passenger transport present in the software solution.\n<\/br>\n<\/br>\nThe eligible cost financing ratio is 85% (EU funds) : 15% State budget (Port Authority of \u0160ibenik).\n<\/br>\nThe aim of the pilot project of the Port Authority of \u0160ibenik is to develop technological solutions and ICT support necessary for the digitalization of services related to the transport of cargo and passengers. The IT module will enable a faster and more efficient way of issuing ID cards for entering the international part of the port area of the Port of \u0160ibenik: an innovative access control solution - the core of the project is the establishment of an automated system of digital access to the control system in accordance with the ISPS, other port security rules, and applicable access regulations. The main reason for building this system is the digitalization of the management of requests and passes for entry and stay in the areas of the Port of \u0160ibenik.\n<\/br>\n<\/br>\nDigitalization will enable additional functions for better traffic and resource management of the port and increase overall safety. It will enable users to have a higher level of service and less stress as they will be able to do everything in advance and remotely.<\/div>\n\t\t\t\t<\/div>\n\t\t\t\t\t\t\t\t<\/div>\n\t\t\t\t\t\t<\/div>\n\t\t\t\t<\/div>\n\t\t\t\t\t<\/div>\n\t\t\t\t<\/div>\n\t\t\t\t<\/div>","protected":false},"excerpt":{"rendered":"<p>DIGLOGS Lu\u010dka uprava \u0160ibenik je jedan od partnera u projektu DigLogs koji je zapo\u010deo 01. sije\u010dnja 2019. i trajat \u0107e do 30. lipnja 2021. Vrijednost projekta je 2.555.427,50 EUR i bit \u0107e financiran putem EU fondova iz Programa prekograni\u010dne suradnje Interreg Italija \u2013 Hrvatska. Projektno partnerstvo je pod vodstvom Pomorskog fakulteta u Rijeci okupilo razli\u010dite [&hellip;]<\/p>\n","protected":false},"author":1,"featured_media":0,"parent":0,"menu_order":0,"comment_status":"closed","ping_status":"closed","template":"elementor_header_footer","meta":{"footnotes":""},"class_list":["post-1374","page","type-page","status-publish","hentry"],"yoast_head":"<!-- This site is optimized with the Yoast SEO plugin v27.5 - https:\/\/yoast.com\/product\/yoast-seo-wordpress\/ -->\n<title>Projekt Diglogs - Lu\u010dka Uprava \u0160ibenik<\/title>\n<meta name=\"robots\" content=\"index, follow, max-snippet:-1, max-image-preview:large, max-video-preview:-1\" \/>\n<link rel=\"canonical\" href=\"https:\/\/portauthority-sibenik.hr\/en\/projekt-diglogs\/\" \/>\n<meta property=\"og:locale\" content=\"en_US\" \/>\n<meta property=\"og:type\" content=\"article\" \/>\n<meta property=\"og:title\" content=\"Projekt Diglogs - Lu\u010dka Uprava \u0160ibenik\" \/>\n<meta property=\"og:description\" content=\"DIGLOGS Lu\u010dka uprava \u0160ibenik je jedan od partnera u projektu DigLogs koji je zapo\u010deo 01. sije\u010dnja 2019. i trajat \u0107e do 30. lipnja 2021. Vrijednost projekta je 2.555.427,50 EUR i bit \u0107e financiran putem EU fondova iz Programa prekograni\u010dne suradnje Interreg Italija \u2013 Hrvatska. Projektno partnerstvo je pod vodstvom Pomorskog fakulteta u Rijeci okupilo razli\u010dite [&hellip;]\" \/>\n<meta property=\"og:url\" content=\"https:\/\/portauthority-sibenik.hr\/en\/projekt-diglogs\/\" \/>\n<meta property=\"og:site_name\" content=\"Lu\u010dka Uprava \u0160ibenik\" \/>\n<meta property=\"article:modified_time\" content=\"2023-05-03T10:38:32+00:00\" \/>\n<meta name=\"twitter:card\" content=\"summary_large_image\" \/>\n<meta name=\"twitter:label1\" content=\"Est. reading time\" \/>\n\t<meta name=\"twitter:data1\" content=\"3 minutes\" \/>\n<script type=\"application\/ld+json\" class=\"yoast-schema-graph\">{\"@context\":\"https:\\\/\\\/schema.org\",\"@graph\":[{\"@type\":\"WebPage\",\"@id\":\"https:\\\/\\\/portauthority-sibenik.hr\\\/projekt-diglogs\\\/\",\"url\":\"https:\\\/\\\/portauthority-sibenik.hr\\\/projekt-diglogs\\\/\",\"name\":\"Projekt Diglogs - Lu\u010dka Uprava \u0160ibenik\",\"isPartOf\":{\"@id\":\"https:\\\/\\\/portauthority-sibenik.hr\\\/#website\"},\"datePublished\":\"2023-04-04T18:18:13+00:00\",\"dateModified\":\"2023-05-03T10:38:32+00:00\",\"breadcrumb\":{\"@id\":\"https:\\\/\\\/portauthority-sibenik.hr\\\/projekt-diglogs\\\/#breadcrumb\"},\"inLanguage\":\"en-US\",\"potentialAction\":[{\"@type\":\"ReadAction\",\"target\":[\"https:\\\/\\\/portauthority-sibenik.hr\\\/projekt-diglogs\\\/\"]}]},{\"@type\":\"BreadcrumbList\",\"@id\":\"https:\\\/\\\/portauthority-sibenik.hr\\\/projekt-diglogs\\\/#breadcrumb\",\"itemListElement\":[{\"@type\":\"ListItem\",\"position\":1,\"name\":\"Home\",\"item\":\"https:\\\/\\\/portauthority-sibenik.hr\\\/\"},{\"@type\":\"ListItem\",\"position\":2,\"name\":\"Projekt Diglogs\"}]},{\"@type\":\"WebSite\",\"@id\":\"https:\\\/\\\/portauthority-sibenik.hr\\\/#website\",\"url\":\"https:\\\/\\\/portauthority-sibenik.hr\\\/\",\"name\":\"Lu\u010dka Uprava \u0160ibenik\",\"description\":\"\",\"publisher\":{\"@id\":\"https:\\\/\\\/portauthority-sibenik.hr\\\/#organization\"},\"potentialAction\":[{\"@type\":\"SearchAction\",\"target\":{\"@type\":\"EntryPoint\",\"urlTemplate\":\"https:\\\/\\\/portauthority-sibenik.hr\\\/?s={search_term_string}\"},\"query-input\":{\"@type\":\"PropertyValueSpecification\",\"valueRequired\":true,\"valueName\":\"search_term_string\"}}],\"inLanguage\":\"en-US\"},{\"@type\":\"Organization\",\"@id\":\"https:\\\/\\\/portauthority-sibenik.hr\\\/#organization\",\"name\":\"Lu\u010dka Uprava \u0160ibenik\",\"url\":\"https:\\\/\\\/portauthority-sibenik.hr\\\/\",\"logo\":{\"@type\":\"ImageObject\",\"inLanguage\":\"en-US\",\"@id\":\"https:\\\/\\\/portauthority-sibenik.hr\\\/#\\\/schema\\\/logo\\\/image\\\/\",\"url\":\"https:\\\/\\\/portauthority-sibenik.hr\\\/wp-content\\\/uploads\\\/2023\\\/05\\\/LogoPNG-24-blue.png\",\"contentUrl\":\"https:\\\/\\\/portauthority-sibenik.hr\\\/wp-content\\\/uploads\\\/2023\\\/05\\\/LogoPNG-24-blue.png\",\"width\":300,\"height\":296,\"caption\":\"Lu\u010dka Uprava \u0160ibenik\"},\"image\":{\"@id\":\"https:\\\/\\\/portauthority-sibenik.hr\\\/#\\\/schema\\\/logo\\\/image\\\/\"}}]}<\/script>\n<!-- \/ Yoast SEO plugin. -->","yoast_head_json":{"title":"Projekt Diglogs - Lu\u010dka Uprava \u0160ibenik","robots":{"index":"index","follow":"follow","max-snippet":"max-snippet:-1","max-image-preview":"max-image-preview:large","max-video-preview":"max-video-preview:-1"},"canonical":"https:\/\/portauthority-sibenik.hr\/en\/projekt-diglogs\/","og_locale":"en_US","og_type":"article","og_title":"Projekt Diglogs - Lu\u010dka Uprava \u0160ibenik","og_description":"DIGLOGS Lu\u010dka uprava \u0160ibenik je jedan od partnera u projektu DigLogs koji je zapo\u010deo 01. sije\u010dnja 2019. i trajat \u0107e do 30. lipnja 2021. Vrijednost projekta je 2.555.427,50 EUR i bit \u0107e financiran putem EU fondova iz Programa prekograni\u010dne suradnje Interreg Italija \u2013 Hrvatska. Projektno partnerstvo je pod vodstvom Pomorskog fakulteta u Rijeci okupilo razli\u010dite [&hellip;]","og_url":"https:\/\/portauthority-sibenik.hr\/en\/projekt-diglogs\/","og_site_name":"Lu\u010dka Uprava \u0160ibenik","article_modified_time":"2023-05-03T10:38:32+00:00","twitter_card":"summary_large_image","twitter_misc":{"Est. reading time":"3 minutes"},"schema":{"@context":"https:\/\/schema.org","@graph":[{"@type":"WebPage","@id":"https:\/\/portauthority-sibenik.hr\/projekt-diglogs\/","url":"https:\/\/portauthority-sibenik.hr\/projekt-diglogs\/","name":"Projekt Diglogs - Lu\u010dka Uprava \u0160ibenik","isPartOf":{"@id":"https:\/\/portauthority-sibenik.hr\/#website"},"datePublished":"2023-04-04T18:18:13+00:00","dateModified":"2023-05-03T10:38:32+00:00","breadcrumb":{"@id":"https:\/\/portauthority-sibenik.hr\/projekt-diglogs\/#breadcrumb"},"inLanguage":"en-US","potentialAction":[{"@type":"ReadAction","target":["https:\/\/portauthority-sibenik.hr\/projekt-diglogs\/"]}]},{"@type":"BreadcrumbList","@id":"https:\/\/portauthority-sibenik.hr\/projekt-diglogs\/#breadcrumb","itemListElement":[{"@type":"ListItem","position":1,"name":"Home","item":"https:\/\/portauthority-sibenik.hr\/"},{"@type":"ListItem","position":2,"name":"Projekt Diglogs"}]},{"@type":"WebSite","@id":"https:\/\/portauthority-sibenik.hr\/#website","url":"https:\/\/portauthority-sibenik.hr\/","name":"Lu\u010dka Uprava \u0160ibenik","description":"","publisher":{"@id":"https:\/\/portauthority-sibenik.hr\/#organization"},"potentialAction":[{"@type":"SearchAction","target":{"@type":"EntryPoint","urlTemplate":"https:\/\/portauthority-sibenik.hr\/?s={search_term_string}"},"query-input":{"@type":"PropertyValueSpecification","valueRequired":true,"valueName":"search_term_string"}}],"inLanguage":"en-US"},{"@type":"Organization","@id":"https:\/\/portauthority-sibenik.hr\/#organization","name":"Lu\u010dka Uprava \u0160ibenik","url":"https:\/\/portauthority-sibenik.hr\/","logo":{"@type":"ImageObject","inLanguage":"en-US","@id":"https:\/\/portauthority-sibenik.hr\/#\/schema\/logo\/image\/","url":"https:\/\/portauthority-sibenik.hr\/wp-content\/uploads\/2023\/05\/LogoPNG-24-blue.png","contentUrl":"https:\/\/portauthority-sibenik.hr\/wp-content\/uploads\/2023\/05\/LogoPNG-24-blue.png","width":300,"height":296,"caption":"Lu\u010dka Uprava \u0160ibenik"},"image":{"@id":"https:\/\/portauthority-sibenik.hr\/#\/schema\/logo\/image\/"}}]}},"_links":{"self":[{"href":"https:\/\/portauthority-sibenik.hr\/en\/wp-json\/wp\/v2\/pages\/1374","targetHints":{"allow":["GET"]}}],"collection":[{"href":"https:\/\/portauthority-sibenik.hr\/en\/wp-json\/wp\/v2\/pages"}],"about":[{"href":"https:\/\/portauthority-sibenik.hr\/en\/wp-json\/wp\/v2\/types\/page"}],"author":[{"embeddable":true,"href":"https:\/\/portauthority-sibenik.hr\/en\/wp-json\/wp\/v2\/users\/1"}],"replies":[{"embeddable":true,"href":"https:\/\/portauthority-sibenik.hr\/en\/wp-json\/wp\/v2\/comments?post=1374"}],"version-history":[{"count":12,"href":"https:\/\/portauthority-sibenik.hr\/en\/wp-json\/wp\/v2\/pages\/1374\/revisions"}],"predecessor-version":[{"id":2217,"href":"https:\/\/portauthority-sibenik.hr\/en\/wp-json\/wp\/v2\/pages\/1374\/revisions\/2217"}],"wp:attachment":[{"href":"https:\/\/portauthority-sibenik.hr\/en\/wp-json\/wp\/v2\/media?parent=1374"}],"curies":[{"name":"wp","href":"https:\/\/api.w.org\/{rel}","templated":true}]}}