{"id":279,"date":"2023-03-30T19:28:04","date_gmt":"2023-03-30T17:28:04","guid":{"rendered":"http:\/\/localhost\/lucka-uprava\/?page_id=279"},"modified":"2023-05-03T11:32:22","modified_gmt":"2023-05-03T09:32:22","slug":"terminali-za-rasuti-teret-u-uvozu","status":"publish","type":"page","link":"https:\/\/portauthority-sibenik.hr\/en\/terminali-za-rasuti-teret-u-uvozu\/","title":{"rendered":"Terminal for bulk cargo in export"},"content":{"rendered":"<div data-elementor-type=\"wp-page\" data-elementor-id=\"279\" class=\"elementor elementor-279\" data-elementor-post-type=\"page\">\n\t\t\t\t<div class=\"elementor-element elementor-element-1ff9e66d e-con-full e-flex e-con e-parent\" data-id=\"1ff9e66d\" data-element_type=\"container\" data-e-type=\"container\" data-settings=\"{&quot;background_background&quot;:&quot;classic&quot;}\">\n\t\t\t\t<\/div>\n\t\t<div class=\"elementor-element elementor-element-226278c5 e-con-full e-flex e-con e-parent\" data-id=\"226278c5\" data-element_type=\"container\" data-e-type=\"container\" data-settings=\"{&quot;background_background&quot;:&quot;classic&quot;}\">\n\t\t\t\t<div class=\"elementor-element elementor-element-2db5b3d9 elementor-widget elementor-widget-heading\" data-id=\"2db5b3d9\" data-element_type=\"widget\" data-e-type=\"widget\" data-widget_type=\"heading.default\">\n\t\t\t\t<div class=\"elementor-widget-container\">\n\t\t\t\t\t<h2 class=\"elementor-heading-title elementor-size-default\">Terminal for bulk cargo in export<\/h2>\t\t\t\t<\/div>\n\t\t\t\t<\/div>\n\t\t\t\t<div class=\"elementor-element elementor-element-400e89dc elementor-align-center elementor-widget elementor-widget-breadcrumbs\" data-id=\"400e89dc\" data-element_type=\"widget\" data-e-type=\"widget\" data-widget_type=\"breadcrumbs.default\">\n\t\t\t\t<div class=\"elementor-widget-container\">\n\t\t\t\t\t<p id=\"breadcrumbs\"><span><span><a href=\"https:\/\/portauthority-sibenik.hr\/en\/\">Home<\/a><\/span><\/span><\/p>\t\t\t\t<\/div>\n\t\t\t\t<\/div>\n\t\t\t\t<\/div>\n\t\t<div class=\"elementor-element elementor-element-d55791b e-flex e-con-boxed e-con e-parent\" data-id=\"d55791b\" data-element_type=\"container\" data-e-type=\"container\">\n\t\t\t\t\t<div class=\"e-con-inner\">\n\t\t\t\t<div class=\"elementor-element elementor-element-6fc78b9d elementor-widget elementor-widget-toggle\" data-id=\"6fc78b9d\" data-element_type=\"widget\" data-e-type=\"widget\" data-widget_type=\"toggle.default\">\n\t\t\t\t<div class=\"elementor-widget-container\">\n\t\t\t\t\t\t\t<div class=\"elementor-toggle\">\n\t\t\t\t\t\t\t<div class=\"elementor-toggle-item\">\n\t\t\t\t\t<div id=\"elementor-tab-title-1871\" class=\"elementor-tab-title\" data-tab=\"1\" role=\"button\" aria-controls=\"elementor-tab-content-1871\" aria-expanded=\"false\">\n\t\t\t\t\t\t\t\t\t\t\t\t<span class=\"elementor-toggle-icon elementor-toggle-icon-left\" aria-hidden=\"true\">\n\t\t\t\t\t\t\t\t\t\t\t\t\t\t\t<span class=\"elementor-toggle-icon-closed\"><i class=\"fas fa-caret-right\"><\/i><\/span>\n\t\t\t\t\t\t\t\t<span class=\"elementor-toggle-icon-opened\"><i class=\"elementor-toggle-icon-opened fas fa-caret-up\"><\/i><\/span>\n\t\t\t\t\t\t\t\t\t\t\t\t\t<\/span>\n\t\t\t\t\t\t\t\t\t\t\t\t<a class=\"elementor-toggle-title\" tabindex=\"0\">Characteristics of the terminal<\/a>\n\t\t\t\t\t<\/div>\n\n\t\t\t\t\t<div id=\"elementor-tab-content-1871\" class=\"elementor-tab-content elementor-clearfix\" data-tab=\"1\" role=\"region\" aria-labelledby=\"elementor-tab-title-1871\"><p><strong> The capacity of the terminal:<\/strong> 400 000 T\/god.<br \/><strong>Length of Roga\u010d coastline:<\/strong> 250 m<br \/><strong>Depth of the coast:<\/strong> 10 m<br \/><strong>Size of the vessel:<\/strong> 30 000 T<br \/><strong>Loading capacity:<\/strong> 150 T\/h<br \/><strong>Articulated conveyors:<\/strong> 2 units for ships up to 5000 tons.<br \/><strong>Gantry cranes with grab buckets:<\/strong> 2 units with movable baskets for loading cargo, 2 x 7 tons (300 T\/h).<br \/><strong>Transport system - mobile conveyors capacity:<\/strong> 200T\/h<br \/><strong>Storage capacity:<\/strong> 2\u00d72500 m2 - flat floor<br \/><strong>Storage hall unloading:<\/strong> Classic loader - capacity 250 T\/h.<\/p><\/div>\n\t\t\t\t<\/div>\n\t\t\t\t\t\t\t<div class=\"elementor-toggle-item\">\n\t\t\t\t\t<div id=\"elementor-tab-title-1872\" class=\"elementor-tab-title\" data-tab=\"2\" role=\"button\" aria-controls=\"elementor-tab-content-1872\" aria-expanded=\"false\">\n\t\t\t\t\t\t\t\t\t\t\t\t<span class=\"elementor-toggle-icon elementor-toggle-icon-left\" aria-hidden=\"true\">\n\t\t\t\t\t\t\t\t\t\t\t\t\t\t\t<span class=\"elementor-toggle-icon-closed\"><i class=\"fas fa-caret-right\"><\/i><\/span>\n\t\t\t\t\t\t\t\t<span class=\"elementor-toggle-icon-opened\"><i class=\"elementor-toggle-icon-opened fas fa-caret-up\"><\/i><\/span>\n\t\t\t\t\t\t\t\t\t\t\t\t\t<\/span>\n\t\t\t\t\t\t\t\t\t\t\t\t<a class=\"elementor-toggle-title\" tabindex=\"0\">Reference cargoes<\/a>\n\t\t\t\t\t<\/div>\n\n\t\t\t\t\t<div id=\"elementor-tab-content-1872\" class=\"elementor-tab-content elementor-clearfix\" data-tab=\"2\" role=\"region\" aria-labelledby=\"elementor-tab-title-1872\"><p>\u2022 KAN, UREA, NPK, cereals<\/p><\/div>\n\t\t\t\t<\/div>\n\t\t\t\t\t\t\t<div class=\"elementor-toggle-item\">\n\t\t\t\t\t<div id=\"elementor-tab-title-1873\" class=\"elementor-tab-title\" data-tab=\"3\" role=\"button\" aria-controls=\"elementor-tab-content-1873\" aria-expanded=\"false\">\n\t\t\t\t\t\t\t\t\t\t\t\t<span class=\"elementor-toggle-icon elementor-toggle-icon-left\" aria-hidden=\"true\">\n\t\t\t\t\t\t\t\t\t\t\t\t\t\t\t<span class=\"elementor-toggle-icon-closed\"><i class=\"fas fa-caret-right\"><\/i><\/span>\n\t\t\t\t\t\t\t\t<span class=\"elementor-toggle-icon-opened\"><i class=\"elementor-toggle-icon-opened fas fa-caret-up\"><\/i><\/span>\n\t\t\t\t\t\t\t\t\t\t\t\t\t<\/span>\n\t\t\t\t\t\t\t\t\t\t\t\t<a class=\"elementor-toggle-title\" tabindex=\"0\">Unloading of wagons<\/a>\n\t\t\t\t\t<\/div>\n\n\t\t\t\t\t<div id=\"elementor-tab-content-1873\" class=\"elementor-tab-content elementor-clearfix\" data-tab=\"3\" role=\"region\" aria-labelledby=\"elementor-tab-title-1873\"><p>Unloading ramp for special wagons with side openings<br \/>\u2022 Capacity - 150 T\/h<\/p><\/div>\n\t\t\t\t<\/div>\n\t\t\t\t\t\t\t<div class=\"elementor-toggle-item\">\n\t\t\t\t\t<div id=\"elementor-tab-title-1874\" class=\"elementor-tab-title\" data-tab=\"4\" role=\"button\" aria-controls=\"elementor-tab-content-1874\" aria-expanded=\"false\">\n\t\t\t\t\t\t\t\t\t\t\t\t<span class=\"elementor-toggle-icon elementor-toggle-icon-left\" aria-hidden=\"true\">\n\t\t\t\t\t\t\t\t\t\t\t\t\t\t\t<span class=\"elementor-toggle-icon-closed\"><i class=\"fas fa-caret-right\"><\/i><\/span>\n\t\t\t\t\t\t\t\t<span class=\"elementor-toggle-icon-opened\"><i class=\"elementor-toggle-icon-opened fas fa-caret-up\"><\/i><\/span>\n\t\t\t\t\t\t\t\t\t\t\t\t\t<\/span>\n\t\t\t\t\t\t\t\t\t\t\t\t<a class=\"elementor-toggle-title\" tabindex=\"0\">Railway tracks<\/a>\n\t\t\t\t\t<\/div>\n\n\t\t\t\t\t<div id=\"elementor-tab-content-1874\" class=\"elementor-tab-content elementor-clearfix\" data-tab=\"4\" role=\"region\" aria-labelledby=\"elementor-tab-title-1874\"><p>\u2022 The R4 track (length 300m) is used for the terminal's needs.<\/p><\/div>\n\t\t\t\t<\/div>\n\t\t\t\t\t\t\t\t<\/div>\n\t\t\t\t\t\t<\/div>\n\t\t\t\t<\/div>\n\t\t\t\t\t<\/div>\n\t\t\t\t<\/div>\n\t\t\t\t<\/div>","protected":false},"excerpt":{"rendered":"<p>Terminal za rasuti teret u izvozu Karakteristike terminala\u200b Kapacitet terminala: 400 000 T\/god.Du\u017eina obale Roga\u010d: 250 mDubina obale: 10 mVeli\u010dina broda: 30 000 TKapacitet utovara: 150 T\/hZglobni transporteri: 2 kom za brodove do 5000 tonaNosive dizalice sa grabilicama: kom 2 i pokretnim ko\u0161evima za ukrcaj tereta 2 x 7 tona ( 300 T\/h )Transportni sistem-pokretni [&hellip;]<\/p>\n","protected":false},"author":1,"featured_media":0,"parent":0,"menu_order":0,"comment_status":"closed","ping_status":"closed","template":"elementor_header_footer","meta":{"footnotes":""},"class_list":["post-279","page","type-page","status-publish","hentry"],"yoast_head":"<!-- This site is optimized with the Yoast SEO plugin v27.2 - https:\/\/yoast.com\/product\/yoast-seo-wordpress\/ -->\n<title>Terminal za rasuti teret u izvozu - Lu\u010dka Uprava \u0160ibenik<\/title>\n<meta name=\"robots\" content=\"index, follow, max-snippet:-1, max-image-preview:large, max-video-preview:-1\" \/>\n<link rel=\"canonical\" href=\"https:\/\/portauthority-sibenik.hr\/en\/terminali-za-rasuti-teret-u-uvozu\/\" \/>\n<meta property=\"og:locale\" content=\"en_US\" \/>\n<meta property=\"og:type\" content=\"article\" \/>\n<meta property=\"og:title\" content=\"Terminal za rasuti teret u izvozu - Lu\u010dka Uprava \u0160ibenik\" \/>\n<meta property=\"og:description\" content=\"Terminal za rasuti teret u izvozu Karakteristike terminala\u200b Kapacitet terminala: 400 000 T\/god.Du\u017eina obale Roga\u010d: 250 mDubina obale: 10 mVeli\u010dina broda: 30 000 TKapacitet utovara: 150 T\/hZglobni transporteri: 2 kom za brodove do 5000 tonaNosive dizalice sa grabilicama: kom 2 i pokretnim ko\u0161evima za ukrcaj tereta 2 x 7 tona ( 300 T\/h )Transportni sistem-pokretni [&hellip;]\" \/>\n<meta property=\"og:url\" content=\"https:\/\/portauthority-sibenik.hr\/en\/terminali-za-rasuti-teret-u-uvozu\/\" \/>\n<meta property=\"og:site_name\" content=\"Lu\u010dka Uprava \u0160ibenik\" \/>\n<meta property=\"article:modified_time\" content=\"2023-05-03T09:32:22+00:00\" \/>\n<meta name=\"twitter:card\" content=\"summary_large_image\" \/>\n<meta name=\"twitter:label1\" content=\"Est. reading time\" \/>\n\t<meta name=\"twitter:data1\" content=\"1 minute\" \/>\n<script type=\"application\/ld+json\" class=\"yoast-schema-graph\">{\"@context\":\"https:\/\/schema.org\",\"@graph\":[{\"@type\":\"WebPage\",\"@id\":\"https:\/\/portauthority-sibenik.hr\/terminali-za-rasuti-teret-u-uvozu\/\",\"url\":\"https:\/\/portauthority-sibenik.hr\/terminali-za-rasuti-teret-u-uvozu\/\",\"name\":\"Terminal za rasuti teret u izvozu - Lu\u010dka Uprava \u0160ibenik\",\"isPartOf\":{\"@id\":\"https:\/\/portauthority-sibenik.hr\/#website\"},\"datePublished\":\"2023-03-30T17:28:04+00:00\",\"dateModified\":\"2023-05-03T09:32:22+00:00\",\"breadcrumb\":{\"@id\":\"https:\/\/portauthority-sibenik.hr\/terminali-za-rasuti-teret-u-uvozu\/#breadcrumb\"},\"inLanguage\":\"en-US\",\"potentialAction\":[{\"@type\":\"ReadAction\",\"target\":[\"https:\/\/portauthority-sibenik.hr\/terminali-za-rasuti-teret-u-uvozu\/\"]}]},{\"@type\":\"BreadcrumbList\",\"@id\":\"https:\/\/portauthority-sibenik.hr\/terminali-za-rasuti-teret-u-uvozu\/#breadcrumb\",\"itemListElement\":[{\"@type\":\"ListItem\",\"position\":1,\"name\":\"Home\",\"item\":\"https:\/\/portauthority-sibenik.hr\/\"},{\"@type\":\"ListItem\",\"position\":2,\"name\":\"Terminal za rasuti teret u izvozu\"}]},{\"@type\":\"WebSite\",\"@id\":\"https:\/\/portauthority-sibenik.hr\/#website\",\"url\":\"https:\/\/portauthority-sibenik.hr\/\",\"name\":\"Lu\u010dka Uprava \u0160ibenik\",\"description\":\"\",\"publisher\":{\"@id\":\"https:\/\/portauthority-sibenik.hr\/#organization\"},\"potentialAction\":[{\"@type\":\"SearchAction\",\"target\":{\"@type\":\"EntryPoint\",\"urlTemplate\":\"https:\/\/portauthority-sibenik.hr\/?s={search_term_string}\"},\"query-input\":{\"@type\":\"PropertyValueSpecification\",\"valueRequired\":true,\"valueName\":\"search_term_string\"}}],\"inLanguage\":\"en-US\"},{\"@type\":\"Organization\",\"@id\":\"https:\/\/portauthority-sibenik.hr\/#organization\",\"name\":\"Lu\u010dka Uprava \u0160ibenik\",\"url\":\"https:\/\/portauthority-sibenik.hr\/\",\"logo\":{\"@type\":\"ImageObject\",\"inLanguage\":\"en-US\",\"@id\":\"https:\/\/portauthority-sibenik.hr\/#\/schema\/logo\/image\/\",\"url\":\"https:\/\/portauthority-sibenik.hr\/wp-content\/uploads\/2023\/05\/LogoPNG-24-blue.png\",\"contentUrl\":\"https:\/\/portauthority-sibenik.hr\/wp-content\/uploads\/2023\/05\/LogoPNG-24-blue.png\",\"width\":300,\"height\":296,\"caption\":\"Lu\u010dka Uprava \u0160ibenik\"},\"image\":{\"@id\":\"https:\/\/portauthority-sibenik.hr\/#\/schema\/logo\/image\/\"}}]}<\/script>\n<!-- \/ Yoast SEO plugin. -->","yoast_head_json":{"title":"Terminal za rasuti teret u izvozu - Lu\u010dka Uprava \u0160ibenik","robots":{"index":"index","follow":"follow","max-snippet":"max-snippet:-1","max-image-preview":"max-image-preview:large","max-video-preview":"max-video-preview:-1"},"canonical":"https:\/\/portauthority-sibenik.hr\/en\/terminali-za-rasuti-teret-u-uvozu\/","og_locale":"en_US","og_type":"article","og_title":"Terminal za rasuti teret u izvozu - Lu\u010dka Uprava \u0160ibenik","og_description":"Terminal za rasuti teret u izvozu Karakteristike terminala\u200b Kapacitet terminala: 400 000 T\/god.Du\u017eina obale Roga\u010d: 250 mDubina obale: 10 mVeli\u010dina broda: 30 000 TKapacitet utovara: 150 T\/hZglobni transporteri: 2 kom za brodove do 5000 tonaNosive dizalice sa grabilicama: kom 2 i pokretnim ko\u0161evima za ukrcaj tereta 2 x 7 tona ( 300 T\/h )Transportni sistem-pokretni [&hellip;]","og_url":"https:\/\/portauthority-sibenik.hr\/en\/terminali-za-rasuti-teret-u-uvozu\/","og_site_name":"Lu\u010dka Uprava \u0160ibenik","article_modified_time":"2023-05-03T09:32:22+00:00","twitter_card":"summary_large_image","twitter_misc":{"Est. reading time":"1 minute"},"schema":{"@context":"https:\/\/schema.org","@graph":[{"@type":"WebPage","@id":"https:\/\/portauthority-sibenik.hr\/terminali-za-rasuti-teret-u-uvozu\/","url":"https:\/\/portauthority-sibenik.hr\/terminali-za-rasuti-teret-u-uvozu\/","name":"Terminal za rasuti teret u izvozu - Lu\u010dka Uprava \u0160ibenik","isPartOf":{"@id":"https:\/\/portauthority-sibenik.hr\/#website"},"datePublished":"2023-03-30T17:28:04+00:00","dateModified":"2023-05-03T09:32:22+00:00","breadcrumb":{"@id":"https:\/\/portauthority-sibenik.hr\/terminali-za-rasuti-teret-u-uvozu\/#breadcrumb"},"inLanguage":"en-US","potentialAction":[{"@type":"ReadAction","target":["https:\/\/portauthority-sibenik.hr\/terminali-za-rasuti-teret-u-uvozu\/"]}]},{"@type":"BreadcrumbList","@id":"https:\/\/portauthority-sibenik.hr\/terminali-za-rasuti-teret-u-uvozu\/#breadcrumb","itemListElement":[{"@type":"ListItem","position":1,"name":"Home","item":"https:\/\/portauthority-sibenik.hr\/"},{"@type":"ListItem","position":2,"name":"Terminal za rasuti teret u izvozu"}]},{"@type":"WebSite","@id":"https:\/\/portauthority-sibenik.hr\/#website","url":"https:\/\/portauthority-sibenik.hr\/","name":"Lu\u010dka Uprava \u0160ibenik","description":"","publisher":{"@id":"https:\/\/portauthority-sibenik.hr\/#organization"},"potentialAction":[{"@type":"SearchAction","target":{"@type":"EntryPoint","urlTemplate":"https:\/\/portauthority-sibenik.hr\/?s={search_term_string}"},"query-input":{"@type":"PropertyValueSpecification","valueRequired":true,"valueName":"search_term_string"}}],"inLanguage":"en-US"},{"@type":"Organization","@id":"https:\/\/portauthority-sibenik.hr\/#organization","name":"Lu\u010dka Uprava \u0160ibenik","url":"https:\/\/portauthority-sibenik.hr\/","logo":{"@type":"ImageObject","inLanguage":"en-US","@id":"https:\/\/portauthority-sibenik.hr\/#\/schema\/logo\/image\/","url":"https:\/\/portauthority-sibenik.hr\/wp-content\/uploads\/2023\/05\/LogoPNG-24-blue.png","contentUrl":"https:\/\/portauthority-sibenik.hr\/wp-content\/uploads\/2023\/05\/LogoPNG-24-blue.png","width":300,"height":296,"caption":"Lu\u010dka Uprava \u0160ibenik"},"image":{"@id":"https:\/\/portauthority-sibenik.hr\/#\/schema\/logo\/image\/"}}]}},"_links":{"self":[{"href":"https:\/\/portauthority-sibenik.hr\/en\/wp-json\/wp\/v2\/pages\/279","targetHints":{"allow":["GET"]}}],"collection":[{"href":"https:\/\/portauthority-sibenik.hr\/en\/wp-json\/wp\/v2\/pages"}],"about":[{"href":"https:\/\/portauthority-sibenik.hr\/en\/wp-json\/wp\/v2\/types\/page"}],"author":[{"embeddable":true,"href":"https:\/\/portauthority-sibenik.hr\/en\/wp-json\/wp\/v2\/users\/1"}],"replies":[{"embeddable":true,"href":"https:\/\/portauthority-sibenik.hr\/en\/wp-json\/wp\/v2\/comments?post=279"}],"version-history":[{"count":3,"href":"https:\/\/portauthority-sibenik.hr\/en\/wp-json\/wp\/v2\/pages\/279\/revisions"}],"predecessor-version":[{"id":2205,"href":"https:\/\/portauthority-sibenik.hr\/en\/wp-json\/wp\/v2\/pages\/279\/revisions\/2205"}],"wp:attachment":[{"href":"https:\/\/portauthority-sibenik.hr\/en\/wp-json\/wp\/v2\/media?parent=279"}],"curies":[{"name":"wp","href":"https:\/\/api.w.org\/{rel}","templated":true}]}}