{"id":3202,"date":"2025-02-25T14:23:44","date_gmt":"2025-02-25T13:23:44","guid":{"rendered":"https:\/\/portauthority-sibenik.hr\/?page_id=3202"},"modified":"2025-02-25T14:29:49","modified_gmt":"2025-02-25T13:29:49","slug":"projekt-crossfreight","status":"publish","type":"page","link":"https:\/\/portauthority-sibenik.hr\/en\/projekt-crossfreight\/","title":{"rendered":"Projekt Crossfreight"},"content":{"rendered":"<div data-elementor-type=\"wp-page\" data-elementor-id=\"3202\" class=\"elementor elementor-3202\" data-elementor-post-type=\"page\">\n\t\t\t\t<div class=\"elementor-element elementor-element-349c438a e-con-full e-flex e-con e-parent\" data-id=\"349c438a\" data-element_type=\"container\" data-e-type=\"container\" data-settings=\"{&quot;background_background&quot;:&quot;classic&quot;}\">\n\t\t\t\t<\/div>\n\t\t<div class=\"elementor-element elementor-element-699a7b11 e-con-full e-flex e-con e-parent\" data-id=\"699a7b11\" data-element_type=\"container\" data-e-type=\"container\" data-settings=\"{&quot;background_background&quot;:&quot;classic&quot;}\">\n\t\t\t\t<div class=\"elementor-element elementor-element-4029c3c2 elementor-widget elementor-widget-heading\" data-id=\"4029c3c2\" data-element_type=\"widget\" data-e-type=\"widget\" data-widget_type=\"heading.default\">\n\t\t\t\t<div class=\"elementor-widget-container\">\n\t\t\t\t\t<h2 class=\"elementor-heading-title elementor-size-default\">CROSSFREIGHT<\/h2>\t\t\t\t<\/div>\n\t\t\t\t<\/div>\n\t\t\t\t<div class=\"elementor-element elementor-element-3668d0c8 elementor-align-center elementor-widget elementor-widget-breadcrumbs\" data-id=\"3668d0c8\" data-element_type=\"widget\" data-e-type=\"widget\" data-widget_type=\"breadcrumbs.default\">\n\t\t\t\t<div class=\"elementor-widget-container\">\n\t\t\t\t\t<p id=\"breadcrumbs\"><span><span><a href=\"https:\/\/portauthority-sibenik.hr\/en\/\">Home<\/a><\/span><\/span><\/p>\t\t\t\t<\/div>\n\t\t\t\t<\/div>\n\t\t\t\t<\/div>\n\t\t<div class=\"elementor-element elementor-element-4439379f e-flex e-con-boxed e-con e-parent\" data-id=\"4439379f\" data-element_type=\"container\" data-e-type=\"container\">\n\t\t\t\t\t<div class=\"e-con-inner\">\n\t\t\t\t<div class=\"elementor-element elementor-element-2bf92fab elementor-widget elementor-widget-text-editor\" data-id=\"2bf92fab\" data-element_type=\"widget\" data-e-type=\"widget\" data-widget_type=\"text-editor.default\">\n\t\t\t\t<div class=\"elementor-widget-container\">\n\t\t\t\t\t\t\t\t\t<b>ACRONYM AND PROJECT NAME:<\/b> CROSSFREIGHT \u2013 Cross-border ICT Strategies for freight rail and port logistic integration, optimization, sustainabilitiy and security \n<br><br>\n\n<b>PROGRAM:<\/b> INTERREG V-A Italy-Croatia 2021.-2027.\n<br><br>\n\n<b>Thematic area:<\/b> Sustainable maritime and multimodal transport\n<br><br>\n\n<b>Project ID:<\/b> ITHR0200487\n<br><br>\n\n<b>Project duration:<\/b> 1. 4. 2024. \u2013 31. 03. 2026. (24 months)\n<br><br>\n\n<b\/>Total project budget:<\/b> \u20ac 1.818.200,00 \n<br><br>\n\n<b>Budget for PP 7 \u2013 Port of \u0160ibenik Authority:<\/b> \u20ac 189.000,00  (80% non-refundable)\n<br><br>\nAt 28. May 2024. Kick-off meeting was held\t\t\t\t\t\t\t\t<\/div>\n\t\t\t\t<\/div>\n\t\t\t\t<div class=\"elementor-element elementor-element-21219772 elementor-widget elementor-widget-heading\" data-id=\"21219772\" data-element_type=\"widget\" data-e-type=\"widget\" data-widget_type=\"heading.default\">\n\t\t\t\t<div class=\"elementor-widget-container\">\n\t\t\t\t\t<h2 class=\"elementor-heading-title elementor-size-default\">Summary and objective of the project<\/h2>\t\t\t\t<\/div>\n\t\t\t\t<\/div>\n\t\t\t\t<div class=\"elementor-element elementor-element-4421c88 elementor-widget elementor-widget-text-editor\" data-id=\"4421c88\" data-element_type=\"widget\" data-e-type=\"widget\" data-widget_type=\"text-editor.default\">\n\t\t\t\t<div class=\"elementor-widget-container\">\n\t\t\t\t\t\t\t\t\t<p class=\"tm6\"><span class=\"tm7\"><a id=\"OLE_LINK1\"><\/a>CROSSFREIGHT has the strategic objective to improve the intermodal connection between logistic nodes in the regional hinterland and their reference ports, located along the TEN-T networks implementing innovative ICT cross-border strategies for promoting regional and cross regional rail freight transport and logistics, optimizing port to inland nodes rail connections and port related rail last-mile processes, improving access to port areas and reaching better environmental performances at a regional level.<\/span><\/p><p class=\"tm9\"><span class=\"tm7\">The Port of \u0160ibenik Authority will participate in all the WPs and specifically will implement a soft pilot\nbeing an integrated plan that combines a strategy to upgrade railway infrastructure in a port with an\napproach on how ICT tools can be used to improve its efficiency called \"digital railway infrastructure\nplan for port optimization\", reflecting the integrated and technology-driven approach of the plan and\nhighlight the focus on using digital tools and technologies to enhance the efficiency and effectiveness\nof the railway infrastructure in the port.<\/span><\/p><p class=\"tm9\"><span class=\"tm7\">The plan will address the identified challenges and limitations, taking into account the needs and\npreferences of different stakeholders, such as port authorities, railway operators, and cargo owners\nand identify the 1CT tools that can be used to improve the efficiency of the upgraded railway\ninfrastructure. This can involve using digital technologies to automate and optimize different aspects of the railway system, such as track monitoring, train scheduling, and cargo tracking.<\/span><\/p><p class=\"tm6\"><span class=\"tm7\">The plan will take care of integrating the upgraded railway infrastructure and the ICT tools into a\ncomprehensive system that can deliver the desired outcomes, such as increased capacity, faster and\nmore reliable transportation, and improved safety and security.<\/span><\/p>\t\t\t\t\t\t\t\t<\/div>\n\t\t\t\t<\/div>\n\t\t\t\t<div class=\"elementor-element elementor-element-939b1da elementor-widget elementor-widget-heading\" data-id=\"939b1da\" data-element_type=\"widget\" data-e-type=\"widget\" data-widget_type=\"heading.default\">\n\t\t\t\t<div class=\"elementor-widget-container\">\n\t\t\t\t\t<h2 class=\"elementor-heading-title elementor-size-default\">Project partners:<\/h2>\t\t\t\t<\/div>\n\t\t\t\t<\/div>\n\t\t\t\t<div class=\"elementor-element elementor-element-96fd83c elementor-widget elementor-widget-text-editor\" data-id=\"96fd83c\" data-element_type=\"widget\" data-e-type=\"widget\" data-widget_type=\"text-editor.default\">\n\t\t\t\t<div class=\"elementor-widget-container\">\n\t\t\t\t\t\t\t\t\t<ul><li>ADRIAFER S.R.L.<\/li><li>Air, Maritime and Railway Traffic Accident Investigation Agency<\/li><li>Operation of Railway yard of Marghera Port<\/li><li>Logoteam Ltd.<\/li><li>Sangritana S.p.A.<\/li><li>Port of Sibenik Authority<\/li><li>TRANSAGENT RAIL limited liability company for railway transport and maintenance of railway vehicles<\/li><\/ul>\t\t\t\t\t\t\t\t<\/div>\n\t\t\t\t<\/div>\n\t\t\t\t\t<\/div>\n\t\t\t\t<\/div>\n\t\t\t\t<\/div>","protected":false},"excerpt":{"rendered":"<p>CROSSFREIGHT AKRONIM I NAZIV PROJEKTA: CROSSFREIGHT \u2013 Prekograni\u010dne ICT strategije za logisti\u010dku integraciju, optimizaciju, odr\u017eivost i sigurnost tereta na \u017eeljezni\u010dkim prugama i lukama PROGRAM FINANCIRANJA: INTERREG V-A Italija-Hrvatska 2021.-2027., program prekograni\u010dne suradnje u okviru Europske teritorijalne suradnje. Tematsko podru\u010dje: Odr\u017eivi pomorski i multimodalni transport Projekt ID: ITHR0200487 Trajanje projekta: 1. 4. 2024. \u2013 31. 03. [&hellip;]<\/p>\n","protected":false},"author":1,"featured_media":0,"parent":0,"menu_order":0,"comment_status":"closed","ping_status":"closed","template":"elementor_header_footer","meta":{"footnotes":""},"class_list":["post-3202","page","type-page","status-publish","hentry"],"yoast_head":"<!-- This site is optimized with the Yoast SEO plugin v27.2 - https:\/\/yoast.com\/product\/yoast-seo-wordpress\/ -->\n<title>Projekt Crossfreight - Lu\u010dka Uprava \u0160ibenik<\/title>\n<meta name=\"robots\" content=\"index, follow, max-snippet:-1, max-image-preview:large, max-video-preview:-1\" \/>\n<link rel=\"canonical\" href=\"https:\/\/portauthority-sibenik.hr\/en\/projekt-crossfreight\/\" \/>\n<meta property=\"og:locale\" content=\"en_US\" \/>\n<meta property=\"og:type\" content=\"article\" \/>\n<meta property=\"og:title\" content=\"Projekt Crossfreight - Lu\u010dka Uprava \u0160ibenik\" \/>\n<meta property=\"og:description\" content=\"CROSSFREIGHT AKRONIM I NAZIV PROJEKTA: CROSSFREIGHT \u2013 Prekograni\u010dne ICT strategije za logisti\u010dku integraciju, optimizaciju, odr\u017eivost i sigurnost tereta na \u017eeljezni\u010dkim prugama i lukama PROGRAM FINANCIRANJA: INTERREG V-A Italija-Hrvatska 2021.-2027., program prekograni\u010dne suradnje u okviru Europske teritorijalne suradnje. Tematsko podru\u010dje: Odr\u017eivi pomorski i multimodalni transport Projekt ID: ITHR0200487 Trajanje projekta: 1. 4. 2024. \u2013 31. 03. [&hellip;]\" \/>\n<meta property=\"og:url\" content=\"https:\/\/portauthority-sibenik.hr\/en\/projekt-crossfreight\/\" \/>\n<meta property=\"og:site_name\" content=\"Lu\u010dka Uprava \u0160ibenik\" \/>\n<meta property=\"article:modified_time\" content=\"2025-02-25T13:29:49+00:00\" \/>\n<meta name=\"twitter:card\" content=\"summary_large_image\" \/>\n<meta name=\"twitter:label1\" content=\"Est. reading time\" \/>\n\t<meta name=\"twitter:data1\" content=\"2 minutes\" \/>\n<script type=\"application\/ld+json\" class=\"yoast-schema-graph\">{\"@context\":\"https:\/\/schema.org\",\"@graph\":[{\"@type\":\"WebPage\",\"@id\":\"https:\/\/portauthority-sibenik.hr\/projekt-crossfreight\/\",\"url\":\"https:\/\/portauthority-sibenik.hr\/projekt-crossfreight\/\",\"name\":\"Projekt Crossfreight - Lu\u010dka Uprava \u0160ibenik\",\"isPartOf\":{\"@id\":\"https:\/\/portauthority-sibenik.hr\/#website\"},\"datePublished\":\"2025-02-25T13:23:44+00:00\",\"dateModified\":\"2025-02-25T13:29:49+00:00\",\"breadcrumb\":{\"@id\":\"https:\/\/portauthority-sibenik.hr\/projekt-crossfreight\/#breadcrumb\"},\"inLanguage\":\"en-US\",\"potentialAction\":[{\"@type\":\"ReadAction\",\"target\":[\"https:\/\/portauthority-sibenik.hr\/projekt-crossfreight\/\"]}]},{\"@type\":\"BreadcrumbList\",\"@id\":\"https:\/\/portauthority-sibenik.hr\/projekt-crossfreight\/#breadcrumb\",\"itemListElement\":[{\"@type\":\"ListItem\",\"position\":1,\"name\":\"Home\",\"item\":\"https:\/\/portauthority-sibenik.hr\/\"},{\"@type\":\"ListItem\",\"position\":2,\"name\":\"Projekt Crossfreight\"}]},{\"@type\":\"WebSite\",\"@id\":\"https:\/\/portauthority-sibenik.hr\/#website\",\"url\":\"https:\/\/portauthority-sibenik.hr\/\",\"name\":\"Lu\u010dka Uprava \u0160ibenik\",\"description\":\"\",\"publisher\":{\"@id\":\"https:\/\/portauthority-sibenik.hr\/#organization\"},\"potentialAction\":[{\"@type\":\"SearchAction\",\"target\":{\"@type\":\"EntryPoint\",\"urlTemplate\":\"https:\/\/portauthority-sibenik.hr\/?s={search_term_string}\"},\"query-input\":{\"@type\":\"PropertyValueSpecification\",\"valueRequired\":true,\"valueName\":\"search_term_string\"}}],\"inLanguage\":\"en-US\"},{\"@type\":\"Organization\",\"@id\":\"https:\/\/portauthority-sibenik.hr\/#organization\",\"name\":\"Lu\u010dka Uprava \u0160ibenik\",\"url\":\"https:\/\/portauthority-sibenik.hr\/\",\"logo\":{\"@type\":\"ImageObject\",\"inLanguage\":\"en-US\",\"@id\":\"https:\/\/portauthority-sibenik.hr\/#\/schema\/logo\/image\/\",\"url\":\"https:\/\/portauthority-sibenik.hr\/wp-content\/uploads\/2023\/05\/LogoPNG-24-blue.png\",\"contentUrl\":\"https:\/\/portauthority-sibenik.hr\/wp-content\/uploads\/2023\/05\/LogoPNG-24-blue.png\",\"width\":300,\"height\":296,\"caption\":\"Lu\u010dka Uprava \u0160ibenik\"},\"image\":{\"@id\":\"https:\/\/portauthority-sibenik.hr\/#\/schema\/logo\/image\/\"}}]}<\/script>\n<!-- \/ Yoast SEO plugin. -->","yoast_head_json":{"title":"Projekt Crossfreight - Lu\u010dka Uprava \u0160ibenik","robots":{"index":"index","follow":"follow","max-snippet":"max-snippet:-1","max-image-preview":"max-image-preview:large","max-video-preview":"max-video-preview:-1"},"canonical":"https:\/\/portauthority-sibenik.hr\/en\/projekt-crossfreight\/","og_locale":"en_US","og_type":"article","og_title":"Projekt Crossfreight - Lu\u010dka Uprava \u0160ibenik","og_description":"CROSSFREIGHT AKRONIM I NAZIV PROJEKTA: CROSSFREIGHT \u2013 Prekograni\u010dne ICT strategije za logisti\u010dku integraciju, optimizaciju, odr\u017eivost i sigurnost tereta na \u017eeljezni\u010dkim prugama i lukama PROGRAM FINANCIRANJA: INTERREG V-A Italija-Hrvatska 2021.-2027., program prekograni\u010dne suradnje u okviru Europske teritorijalne suradnje. Tematsko podru\u010dje: Odr\u017eivi pomorski i multimodalni transport Projekt ID: ITHR0200487 Trajanje projekta: 1. 4. 2024. \u2013 31. 03. [&hellip;]","og_url":"https:\/\/portauthority-sibenik.hr\/en\/projekt-crossfreight\/","og_site_name":"Lu\u010dka Uprava \u0160ibenik","article_modified_time":"2025-02-25T13:29:49+00:00","twitter_card":"summary_large_image","twitter_misc":{"Est. reading time":"2 minutes"},"schema":{"@context":"https:\/\/schema.org","@graph":[{"@type":"WebPage","@id":"https:\/\/portauthority-sibenik.hr\/projekt-crossfreight\/","url":"https:\/\/portauthority-sibenik.hr\/projekt-crossfreight\/","name":"Projekt Crossfreight - Lu\u010dka Uprava \u0160ibenik","isPartOf":{"@id":"https:\/\/portauthority-sibenik.hr\/#website"},"datePublished":"2025-02-25T13:23:44+00:00","dateModified":"2025-02-25T13:29:49+00:00","breadcrumb":{"@id":"https:\/\/portauthority-sibenik.hr\/projekt-crossfreight\/#breadcrumb"},"inLanguage":"en-US","potentialAction":[{"@type":"ReadAction","target":["https:\/\/portauthority-sibenik.hr\/projekt-crossfreight\/"]}]},{"@type":"BreadcrumbList","@id":"https:\/\/portauthority-sibenik.hr\/projekt-crossfreight\/#breadcrumb","itemListElement":[{"@type":"ListItem","position":1,"name":"Home","item":"https:\/\/portauthority-sibenik.hr\/"},{"@type":"ListItem","position":2,"name":"Projekt Crossfreight"}]},{"@type":"WebSite","@id":"https:\/\/portauthority-sibenik.hr\/#website","url":"https:\/\/portauthority-sibenik.hr\/","name":"Lu\u010dka Uprava \u0160ibenik","description":"","publisher":{"@id":"https:\/\/portauthority-sibenik.hr\/#organization"},"potentialAction":[{"@type":"SearchAction","target":{"@type":"EntryPoint","urlTemplate":"https:\/\/portauthority-sibenik.hr\/?s={search_term_string}"},"query-input":{"@type":"PropertyValueSpecification","valueRequired":true,"valueName":"search_term_string"}}],"inLanguage":"en-US"},{"@type":"Organization","@id":"https:\/\/portauthority-sibenik.hr\/#organization","name":"Lu\u010dka Uprava \u0160ibenik","url":"https:\/\/portauthority-sibenik.hr\/","logo":{"@type":"ImageObject","inLanguage":"en-US","@id":"https:\/\/portauthority-sibenik.hr\/#\/schema\/logo\/image\/","url":"https:\/\/portauthority-sibenik.hr\/wp-content\/uploads\/2023\/05\/LogoPNG-24-blue.png","contentUrl":"https:\/\/portauthority-sibenik.hr\/wp-content\/uploads\/2023\/05\/LogoPNG-24-blue.png","width":300,"height":296,"caption":"Lu\u010dka Uprava \u0160ibenik"},"image":{"@id":"https:\/\/portauthority-sibenik.hr\/#\/schema\/logo\/image\/"}}]}},"_links":{"self":[{"href":"https:\/\/portauthority-sibenik.hr\/en\/wp-json\/wp\/v2\/pages\/3202","targetHints":{"allow":["GET"]}}],"collection":[{"href":"https:\/\/portauthority-sibenik.hr\/en\/wp-json\/wp\/v2\/pages"}],"about":[{"href":"https:\/\/portauthority-sibenik.hr\/en\/wp-json\/wp\/v2\/types\/page"}],"author":[{"embeddable":true,"href":"https:\/\/portauthority-sibenik.hr\/en\/wp-json\/wp\/v2\/users\/1"}],"replies":[{"embeddable":true,"href":"https:\/\/portauthority-sibenik.hr\/en\/wp-json\/wp\/v2\/comments?post=3202"}],"version-history":[{"count":5,"href":"https:\/\/portauthority-sibenik.hr\/en\/wp-json\/wp\/v2\/pages\/3202\/revisions"}],"predecessor-version":[{"id":3207,"href":"https:\/\/portauthority-sibenik.hr\/en\/wp-json\/wp\/v2\/pages\/3202\/revisions\/3207"}],"wp:attachment":[{"href":"https:\/\/portauthority-sibenik.hr\/en\/wp-json\/wp\/v2\/media?parent=3202"}],"curies":[{"name":"wp","href":"https:\/\/api.w.org\/{rel}","templated":true}]}}